{"id":7901,"date":"2020-11-17T11:27:00","date_gmt":"2020-11-17T17:27:00","guid":{"rendered":"https:\/\/trueskycu.org\/automotor\/prestamos-para-botes-y-vehiculos-recreativos\/"},"modified":"2023-02-17T11:25:54","modified_gmt":"2023-02-17T17:25:54","slug":"prestamos-para-botes-y-vehiculos-recreativos","status":"publish","type":"page","link":"https:\/\/clientweb.dev\/tscu\/automotor\/prestamos-para-botes-y-vehiculos-recreativos\/?lang=es","title":{"rendered":"Pr\u00e9stamos para botes y veh\u00edculos recreativos"},"content":{"rendered":"<div class=\"fusion-fullwidth fullwidth-box fusion-builder-row-1 fusion-flex-container nonhundred-percent-fullwidth non-hundred-percent-height-scrolling\" style=\"--awb-border-radius-top-left:0px;--awb-border-radius-top-right:0px;--awb-border-radius-bottom-right:0px;--awb-border-radius-bottom-left:0px;--awb-margin-top:40px;--awb-flex-wrap:wrap;\" ><div class=\"fusion-builder-row fusion-row fusion-flex-align-items-flex-start fusion-flex-content-wrap\" style=\"max-width:1352px;margin-left: calc(-4% \/ 2 );margin-right: calc(-4% \/ 2 );\"><div class=\"fusion-layout-column fusion_builder_column fusion-builder-column-0 fusion_builder_column_1_2 1_2 fusion-flex-column\" style=\"--awb-bg-size:cover;--awb-width-large:50%;--awb-margin-top-large:0px;--awb-spacing-right-large:3.84%;--awb-margin-bottom-large:0px;--awb-spacing-left-large:3.84%;--awb-width-medium:100%;--awb-order-medium:0;--awb-spacing-right-medium:1.92%;--awb-spacing-left-medium:1.92%;--awb-width-small:100%;--awb-order-small:0;--awb-spacing-right-small:1.92%;--awb-spacing-left-small:1.92%;\"><div class=\"fusion-column-wrapper fusion-column-has-shadow fusion-flex-justify-content-flex-start fusion-content-layout-column\"><div class=\"fusion-title title fusion-title-1 fusion-sep-none fusion-title-text fusion-title-size-one\" style=\"--awb-margin-top-small:0px;--awb-margin-right-small:0px;--awb-margin-bottom-small:20px;--awb-margin-left-small:0px;\"><h1 class=\"fusion-title-heading title-heading-left fusion-responsive-typography-calculated\" style=\"margin:0;--fontSize:30;line-height:1.1;\">Pr\u00e9stamos para botes y veh\u00edculos recreativos<\/h1><\/div><div class=\"fusion-text fusion-text-1\"><p>Haz que tu aventura sea asequible<\/p>\n<p>Quiere un veh\u00edculo que le brinde emoci\u00f3n y aventura, algo que lo lleve fuera de los caminos trillados oa lugares desconocidos, y podemos ayudarlo a obtener el pr\u00e9stamo para RV o bote. Aproveche algunos de los mismos servicios que ofrecemos para pr\u00e9stamos para autom\u00f3viles:<\/p>\n<ul>\n<li>Sin tarifa de solicitud<\/li>\n<li>Cr\u00e9dito de copiloto de cortes\u00eda<\/li>\n<li>Opci\u00f3n de pagos quincenales<\/li>\n<li>Plazos hasta 120 meses dependiendo de la garant\u00eda y el monto<\/li>\n<li>Aprobaci\u00f3n previa antes de comprar<\/li>\n<li>Garant\u00edas extendidas asequibles y seguro GAP<\/li>\n<\/ul>\n<\/div><div class=\"accordian fusion-accordian\" style=\"--awb-border-size:1px;--awb-icon-size:12px;--awb-content-font-size:16px;--awb-icon-alignment:left;--awb-hover-color:#f9f9f9;--awb-border-color:#cccccc;--awb-background-color:#ffffff;--awb-divider-color:#e0dede;--awb-divider-hover-color:#e0dede;--awb-icon-color:#ffffff;--awb-title-color:#20c4f4;--awb-content-color:#1c3d6e;--awb-icon-box-color:#1c3d6e;--awb-toggle-hover-accent-color:#20c4f4;--awb-title-font-family:&quot;Inter&quot;;--awb-title-font-weight:300;--awb-title-font-style:normal;--awb-content-font-family:&quot;Inter&quot;;--awb-content-font-style:normal;--awb-content-font-weight:300;\"><div class=\"panel-group fusion-toggle-icon-boxed\" id=\"accordion-7901-1\"><div class=\"fusion-panel panel-default panel-aad8b9ee8798ca7b9 fusion-toggle-no-divider\"><div class=\"panel-heading\"><h4 class=\"panel-title toggle\" id=\"toggle_aad8b9ee8798ca7b9\"><a aria-expanded=\"false\" aria-controls=\"aad8b9ee8798ca7b9\" role=\"button\" data-toggle=\"collapse\" data-parent=\"#accordion-7901-1\" data-target=\"#aad8b9ee8798ca7b9\" href=\"#aad8b9ee8798ca7b9\"><span class=\"fusion-toggle-icon-wrapper\" aria-hidden=\"true\"><i class=\"fa-fusion-box active-icon awb-icon-minus\" aria-hidden=\"true\"><\/i><i class=\"fa-fusion-box inactive-icon awb-icon-plus\" aria-hidden=\"true\"><\/i><\/span><span class=\"fusion-toggle-heading\">Divulgaciones<\/span><\/a><\/h4><\/div><div id=\"aad8b9ee8798ca7b9\" class=\"panel-collapse collapse \" aria-labelledby=\"toggle_aad8b9ee8798ca7b9\"><div class=\"panel-body toggle-content fusion-clearfix\">\n<p>Se aplican restricciones de cr\u00e9dito. Las tarifas y el plazo est\u00e1n sujetos a cambios en cualquier momento.<\/p>\n<\/div><\/div><\/div><\/div><\/div><div class=\"fusion-separator fusion-full-width-sep\" style=\"align-self: center;margin-left: auto;margin-right: auto;margin-top:40px;margin-bottom:40px;width:100%;\"><\/div><\/div><\/div><div class=\"fusion-layout-column fusion_builder_column fusion-builder-column-1 fusion_builder_column_1_2 1_2 fusion-flex-column\" style=\"--awb-bg-size:cover;--awb-width-large:50%;--awb-margin-top-large:0px;--awb-spacing-right-large:3.84%;--awb-margin-bottom-large:0px;--awb-spacing-left-large:3.84%;--awb-width-medium:100%;--awb-order-medium:0;--awb-spacing-right-medium:1.92%;--awb-spacing-left-medium:1.92%;--awb-width-small:100%;--awb-order-small:0;--awb-spacing-right-small:1.92%;--awb-spacing-left-small:1.92%;\"><div class=\"fusion-column-wrapper fusion-column-has-shadow fusion-flex-justify-content-flex-start fusion-content-layout-column\"><div id=\"footable_parent_3160\"\n         class=\" footable_parent ninja_table_wrapper loading_ninja_table wp_table_data_press_parent semantic_ui \">\n                <table data-ninja_table_instance=\"ninja_table_instance_0\" data-footable_id=\"3160\" data-filter-delay=\"1000\" aria-label=\"Recreation boat loan\"            id=\"footable_3160\"\n           data-unique_identifier=\"ninja_table_unique_id_3652399670_3160\"\n           class=\" foo-table ninja_footable foo_table_3160 ninja_table_unique_id_3652399670_3160 ui table  nt_type_ajax_table hide_horizonal_borders hide_vertical_borders  footable-paging-center hide_all_borders ninjatable_hide_header_row ninja_table_search_disabled\">\n                <colgroup>\n                            <col class=\"ninja_column_0 \">\n                    <\/colgroup>\n            <\/table>\n    \n    \n    \n<\/div>\n<div class=\"fusion-separator fusion-full-width-sep\" style=\"align-self: center;margin-left: auto;margin-right: auto;margin-top:8px;margin-bottom:8px;width:100%;\"><\/div><div style=\"text-align:center;\"><a class=\"fusion-button button-flat fusion-button-default-size button-default fusion-button-default button-1 fusion-button-default-span fusion-button-default-type\" target=\"_blank\" rel=\"noopener noreferrer\" href=\"https:\/\/internetloanapplication.cudl.com\/trueskycu\/\"><span class=\"fusion-button-text awb-button__text awb-button__text--default\">Aplica ya<\/span><\/a><\/div><\/div><\/div><\/div><\/div>\n","protected":false},"excerpt":{"rendered":"","protected":false},"author":1,"featured_media":0,"parent":7857,"menu_order":0,"comment_status":"closed","ping_status":"closed","template":"","meta":{"footnotes":""},"class_list":["post-7901","page","type-page","status-publish","hentry"],"yoast_head":"<!-- This site is optimized with the Yoast SEO plugin v27.2 - https:\/\/yoast.com\/product\/yoast-seo-wordpress\/ -->\n<title>Pr\u00e9stamos para botes y veh\u00edculos recreativos - True Sky Federal Credit Union OKC<\/title>\n<meta name=\"description\" content=\"Pr\u00e9stamos para barcos y veh\u00edculos recreativos disponibles en True Sky Federal Credit Union. Podemos ayudarle a obtener el pr\u00e9stamo para veh\u00edculos recreativos o barcos que desea, al tipo de inter\u00e9s que necesita.\" \/>\n<meta name=\"robots\" content=\"noindex, follow, max-snippet:-1, max-image-preview:large, max-video-preview:-1\" \/>\n<meta property=\"og:locale\" content=\"en_US\" \/>\n<meta property=\"og:type\" content=\"article\" \/>\n<meta property=\"og:title\" content=\"Pr\u00e9stamos para botes y veh\u00edculos recreativos - True Sky Federal Credit Union OKC\" \/>\n<meta property=\"og:description\" content=\"Pr\u00e9stamos para barcos y veh\u00edculos recreativos disponibles en True Sky Federal Credit Union. Podemos ayudarle a obtener el pr\u00e9stamo para veh\u00edculos recreativos o barcos que desea, al tipo de inter\u00e9s que necesita.\" \/>\n<meta property=\"og:url\" content=\"https:\/\/clientweb.dev\/tscu\/automotor\/prestamos-para-botes-y-vehiculos-recreativos\/?lang=es\" \/>\n<meta property=\"og:site_name\" content=\"True Sky Federal Credit Union\" \/>\n<meta property=\"article:publisher\" content=\"https:\/\/www.facebook.com\/TrueSkyCU\/\" \/>\n<meta property=\"article:modified_time\" content=\"2023-02-17T17:25:54+00:00\" \/>\n<meta property=\"og:image\" content=\"https:\/\/clientweb.dev\/tscu\/wp-content\/uploads\/2020\/09\/TrueSKy-logo-Retina-01.png\" \/>\n\t<meta property=\"og:image:width\" content=\"380\" \/>\n\t<meta property=\"og:image:height\" content=\"215\" \/>\n\t<meta property=\"og:image:type\" content=\"image\/png\" \/>\n<meta name=\"twitter:card\" content=\"summary_large_image\" \/>\n<meta name=\"twitter:site\" content=\"@trueskycu\" \/>\n<script type=\"application\/ld+json\" class=\"yoast-schema-graph\">{\"@context\":\"https:\/\/schema.org\",\"@graph\":[{\"@type\":\"WebPage\",\"@id\":\"https:\/\/clientweb.dev\/tscu\/automotor\/prestamos-para-botes-y-vehiculos-recreativos\/?lang=es\",\"url\":\"https:\/\/clientweb.dev\/tscu\/automotor\/prestamos-para-botes-y-vehiculos-recreativos\/?lang=es\",\"name\":\"Pr\u00e9stamos para botes y veh\u00edculos recreativos - True Sky Federal Credit Union OKC\",\"isPartOf\":{\"@id\":\"https:\/\/clientweb.dev\/tscu\/#website\"},\"datePublished\":\"2020-11-17T17:27:00+00:00\",\"dateModified\":\"2023-02-17T17:25:54+00:00\",\"description\":\"Pr\u00e9stamos para barcos y veh\u00edculos recreativos disponibles en True Sky Federal Credit Union. Podemos ayudarle a obtener el pr\u00e9stamo para veh\u00edculos recreativos o barcos que desea, al tipo de inter\u00e9s que necesita.\",\"breadcrumb\":{\"@id\":\"https:\/\/clientweb.dev\/tscu\/automotor\/prestamos-para-botes-y-vehiculos-recreativos\/?lang=es#breadcrumb\"},\"inLanguage\":\"en-US\",\"potentialAction\":[{\"@type\":\"ReadAction\",\"target\":[\"https:\/\/clientweb.dev\/tscu\/automotor\/prestamos-para-botes-y-vehiculos-recreativos\/?lang=es\"]}]},{\"@type\":\"BreadcrumbList\",\"@id\":\"https:\/\/clientweb.dev\/tscu\/automotor\/prestamos-para-botes-y-vehiculos-recreativos\/?lang=es#breadcrumb\",\"itemListElement\":[{\"@type\":\"ListItem\",\"position\":1,\"name\":\"Home\",\"item\":\"https:\/\/clientweb.dev\/tscu\/\"},{\"@type\":\"ListItem\",\"position\":2,\"name\":\"Automotor\",\"item\":\"https:\/\/clientweb.dev\/tscu\/automotor\/?lang=es\"},{\"@type\":\"ListItem\",\"position\":3,\"name\":\"Pr\u00e9stamos para botes y veh\u00edculos recreativos\"}]},{\"@type\":\"WebSite\",\"@id\":\"https:\/\/clientweb.dev\/tscu\/#website\",\"url\":\"https:\/\/clientweb.dev\/tscu\/\",\"name\":\"True Sky Federal Credit Union\",\"description\":\"Where you truly belong\",\"publisher\":{\"@id\":\"https:\/\/clientweb.dev\/tscu\/#organization\"},\"potentialAction\":[{\"@type\":\"SearchAction\",\"target\":{\"@type\":\"EntryPoint\",\"urlTemplate\":\"https:\/\/clientweb.dev\/tscu\/?s={search_term_string}\"},\"query-input\":{\"@type\":\"PropertyValueSpecification\",\"valueRequired\":true,\"valueName\":\"search_term_string\"}}],\"inLanguage\":\"en-US\"},{\"@type\":\"Organization\",\"@id\":\"https:\/\/clientweb.dev\/tscu\/#organization\",\"name\":\"True Sky Credit Union\",\"url\":\"https:\/\/clientweb.dev\/tscu\/\",\"logo\":{\"@type\":\"ImageObject\",\"inLanguage\":\"en-US\",\"@id\":\"https:\/\/clientweb.dev\/tscu\/#\/schema\/logo\/image\/\",\"url\":\"https:\/\/clientweb.dev\/tscu\/wp-content\/uploads\/2020\/08\/WebpageLogo250.jpg\",\"contentUrl\":\"https:\/\/clientweb.dev\/tscu\/wp-content\/uploads\/2020\/08\/WebpageLogo250.jpg\",\"width\":250,\"height\":141,\"caption\":\"True Sky Credit Union\"},\"image\":{\"@id\":\"https:\/\/clientweb.dev\/tscu\/#\/schema\/logo\/image\/\"},\"sameAs\":[\"https:\/\/www.facebook.com\/TrueSkyCU\/\",\"https:\/\/x.com\/trueskycu\",\"https:\/\/www.instagram.com\/trueskycu\/\",\"https:\/\/www.linkedin.com\/company\/true-sky-credit-union\/\"]}]}<\/script>\n<!-- \/ Yoast SEO plugin. -->","yoast_head_json":{"title":"Pr\u00e9stamos para botes y veh\u00edculos recreativos - True Sky Federal Credit Union OKC","description":"Pr\u00e9stamos para barcos y veh\u00edculos recreativos disponibles en True Sky Federal Credit Union. Podemos ayudarle a obtener el pr\u00e9stamo para veh\u00edculos recreativos o barcos que desea, al tipo de inter\u00e9s que necesita.","robots":{"index":"noindex","follow":"follow","max-snippet":"max-snippet:-1","max-image-preview":"max-image-preview:large","max-video-preview":"max-video-preview:-1"},"og_locale":"en_US","og_type":"article","og_title":"Pr\u00e9stamos para botes y veh\u00edculos recreativos - True Sky Federal Credit Union OKC","og_description":"Pr\u00e9stamos para barcos y veh\u00edculos recreativos disponibles en True Sky Federal Credit Union. Podemos ayudarle a obtener el pr\u00e9stamo para veh\u00edculos recreativos o barcos que desea, al tipo de inter\u00e9s que necesita.","og_url":"https:\/\/clientweb.dev\/tscu\/automotor\/prestamos-para-botes-y-vehiculos-recreativos\/?lang=es","og_site_name":"True Sky Federal Credit Union","article_publisher":"https:\/\/www.facebook.com\/TrueSkyCU\/","article_modified_time":"2023-02-17T17:25:54+00:00","og_image":[{"width":380,"height":215,"url":"https:\/\/clientweb.dev\/tscu\/wp-content\/uploads\/2020\/09\/TrueSKy-logo-Retina-01.png","type":"image\/png"}],"twitter_card":"summary_large_image","twitter_site":"@trueskycu","schema":{"@context":"https:\/\/schema.org","@graph":[{"@type":"WebPage","@id":"https:\/\/clientweb.dev\/tscu\/automotor\/prestamos-para-botes-y-vehiculos-recreativos\/?lang=es","url":"https:\/\/clientweb.dev\/tscu\/automotor\/prestamos-para-botes-y-vehiculos-recreativos\/?lang=es","name":"Pr\u00e9stamos para botes y veh\u00edculos recreativos - True Sky Federal Credit Union OKC","isPartOf":{"@id":"https:\/\/clientweb.dev\/tscu\/#website"},"datePublished":"2020-11-17T17:27:00+00:00","dateModified":"2023-02-17T17:25:54+00:00","description":"Pr\u00e9stamos para barcos y veh\u00edculos recreativos disponibles en True Sky Federal Credit Union. Podemos ayudarle a obtener el pr\u00e9stamo para veh\u00edculos recreativos o barcos que desea, al tipo de inter\u00e9s que necesita.","breadcrumb":{"@id":"https:\/\/clientweb.dev\/tscu\/automotor\/prestamos-para-botes-y-vehiculos-recreativos\/?lang=es#breadcrumb"},"inLanguage":"en-US","potentialAction":[{"@type":"ReadAction","target":["https:\/\/clientweb.dev\/tscu\/automotor\/prestamos-para-botes-y-vehiculos-recreativos\/?lang=es"]}]},{"@type":"BreadcrumbList","@id":"https:\/\/clientweb.dev\/tscu\/automotor\/prestamos-para-botes-y-vehiculos-recreativos\/?lang=es#breadcrumb","itemListElement":[{"@type":"ListItem","position":1,"name":"Home","item":"https:\/\/clientweb.dev\/tscu\/"},{"@type":"ListItem","position":2,"name":"Automotor","item":"https:\/\/clientweb.dev\/tscu\/automotor\/?lang=es"},{"@type":"ListItem","position":3,"name":"Pr\u00e9stamos para botes y veh\u00edculos recreativos"}]},{"@type":"WebSite","@id":"https:\/\/clientweb.dev\/tscu\/#website","url":"https:\/\/clientweb.dev\/tscu\/","name":"True Sky Federal Credit Union","description":"Where you truly belong","publisher":{"@id":"https:\/\/clientweb.dev\/tscu\/#organization"},"potentialAction":[{"@type":"SearchAction","target":{"@type":"EntryPoint","urlTemplate":"https:\/\/clientweb.dev\/tscu\/?s={search_term_string}"},"query-input":{"@type":"PropertyValueSpecification","valueRequired":true,"valueName":"search_term_string"}}],"inLanguage":"en-US"},{"@type":"Organization","@id":"https:\/\/clientweb.dev\/tscu\/#organization","name":"True Sky Credit Union","url":"https:\/\/clientweb.dev\/tscu\/","logo":{"@type":"ImageObject","inLanguage":"en-US","@id":"https:\/\/clientweb.dev\/tscu\/#\/schema\/logo\/image\/","url":"https:\/\/clientweb.dev\/tscu\/wp-content\/uploads\/2020\/08\/WebpageLogo250.jpg","contentUrl":"https:\/\/clientweb.dev\/tscu\/wp-content\/uploads\/2020\/08\/WebpageLogo250.jpg","width":250,"height":141,"caption":"True Sky Credit Union"},"image":{"@id":"https:\/\/clientweb.dev\/tscu\/#\/schema\/logo\/image\/"},"sameAs":["https:\/\/www.facebook.com\/TrueSkyCU\/","https:\/\/x.com\/trueskycu","https:\/\/www.instagram.com\/trueskycu\/","https:\/\/www.linkedin.com\/company\/true-sky-credit-union\/"]}]}},"_links":{"self":[{"href":"https:\/\/clientweb.dev\/tscu\/wp-json\/wp\/v2\/pages\/7901","targetHints":{"allow":["GET"]}}],"collection":[{"href":"https:\/\/clientweb.dev\/tscu\/wp-json\/wp\/v2\/pages"}],"about":[{"href":"https:\/\/clientweb.dev\/tscu\/wp-json\/wp\/v2\/types\/page"}],"author":[{"embeddable":true,"href":"https:\/\/clientweb.dev\/tscu\/wp-json\/wp\/v2\/users\/1"}],"replies":[{"embeddable":true,"href":"https:\/\/clientweb.dev\/tscu\/wp-json\/wp\/v2\/comments?post=7901"}],"version-history":[{"count":0,"href":"https:\/\/clientweb.dev\/tscu\/wp-json\/wp\/v2\/pages\/7901\/revisions"}],"up":[{"embeddable":true,"href":"https:\/\/clientweb.dev\/tscu\/wp-json\/wp\/v2\/pages\/7857"}],"wp:attachment":[{"href":"https:\/\/clientweb.dev\/tscu\/wp-json\/wp\/v2\/media?parent=7901"}],"curies":[{"name":"wp","href":"https:\/\/api.w.org\/{rel}","templated":true}]}}