{"id":7859,"date":"2020-11-04T11:43:38","date_gmt":"2020-11-04T17:43:38","guid":{"rendered":"https:\/\/trueskycu.org\/prestamos-hipotecarios\/"},"modified":"2023-02-13T10:32:16","modified_gmt":"2023-02-13T16:32:16","slug":"prestamos-hipotecarios","status":"publish","type":"page","link":"https:\/\/clientweb.dev\/tscu\/prestamos-hipotecarios\/?lang=es","title":{"rendered":"Pr\u00e9stamos hipotecarios"},"content":{"rendered":"<p><div class=\"fusion-fullwidth fullwidth-box fusion-builder-row-1 fusion-flex-container nonhundred-percent-fullwidth non-hundred-percent-height-scrolling\" style=\"--awb-border-radius-top-left:0px;--awb-border-radius-top-right:0px;--awb-border-radius-bottom-right:0px;--awb-border-radius-bottom-left:0px;--awb-padding-top:60px;--awb-flex-wrap:wrap;\" ><div class=\"fusion-builder-row fusion-row fusion-flex-align-items-flex-start fusion-flex-content-wrap\" style=\"max-width:1352px;margin-left: calc(-4% \/ 2 );margin-right: calc(-4% \/ 2 );\"><div class=\"fusion-layout-column fusion_builder_column fusion-builder-column-0 fusion_builder_column_1_1 1_1 fusion-flex-column\" style=\"--awb-bg-size:cover;--awb-width-large:100%;--awb-margin-top-large:0px;--awb-spacing-right-large:1.92%;--awb-margin-bottom-large:0px;--awb-spacing-left-large:1.92%;--awb-width-medium:100%;--awb-order-medium:0;--awb-spacing-right-medium:1.92%;--awb-spacing-left-medium:1.92%;--awb-width-small:100%;--awb-order-small:0;--awb-spacing-right-small:1.92%;--awb-spacing-left-small:1.92%;\"><div class=\"fusion-column-wrapper fusion-column-has-shadow fusion-flex-justify-content-flex-start fusion-content-layout-column\"><div class=\"fusion-title title fusion-title-1 fusion-sep-none fusion-title-text fusion-title-size-one\" style=\"--awb-margin-top-small:0px;--awb-margin-right-small:0px;--awb-margin-bottom-small:20px;--awb-margin-left-small:0px;--awb-font-size:40px;\"><h1 class=\"fusion-title-heading title-heading-left fusion-responsive-typography-calculated\" style=\"margin:0;font-size:1em;--fontSize:40;line-height:1.1;\">Pr\u00e9stamos hipotecarios<\/h1><\/div><\/div><\/div><div class=\"fusion-layout-column fusion_builder_column fusion-builder-column-1 fusion_builder_column_1_4 1_4 fusion-flex-column\" style=\"--awb-bg-size:cover;--awb-width-large:25%;--awb-margin-top-large:0px;--awb-spacing-right-large:7.68%;--awb-margin-bottom-large:0px;--awb-spacing-left-large:7.68%;--awb-width-medium:100%;--awb-order-medium:0;--awb-spacing-right-medium:1.92%;--awb-spacing-left-medium:1.92%;--awb-width-small:100%;--awb-order-small:0;--awb-spacing-right-small:1.92%;--awb-spacing-left-small:1.92%;\"><div class=\"fusion-column-wrapper fusion-column-has-shadow fusion-flex-justify-content-flex-start fusion-content-layout-column\"><div class=\"fusion-image-element \" style=\"--awb-caption-title-font-family:var(--h2_typography-font-family);--awb-caption-title-font-weight:var(--h2_typography-font-weight);--awb-caption-title-font-style:var(--h2_typography-font-style);--awb-caption-title-size:var(--h2_typography-font-size);--awb-caption-title-transform:var(--h2_typography-text-transform);--awb-caption-title-line-height:var(--h2_typography-line-height);--awb-caption-title-letter-spacing:var(--h2_typography-letter-spacing);\"><span class=\" fusion-imageframe imageframe-none imageframe-1 hover-type-none\"><img decoding=\"async\" width=\"300\" height=\"202\" alt=\"Home Loans\" title=\"Screen Shot 2020-11-04 at 4.26.35 PM\" src=\"https:\/\/clientweb.dev\/tscu\/wp-content\/uploads\/2020\/11\/Screen-Shot-2020-11-04-at-4.26.35-PM-300x202.png\" class=\"img-responsive wp-image-2264\" srcset=\"https:\/\/clientweb.dev\/tscu\/wp-content\/uploads\/2020\/11\/Screen-Shot-2020-11-04-at-4.26.35-PM-200x135.png 200w, https:\/\/clientweb.dev\/tscu\/wp-content\/uploads\/2020\/11\/Screen-Shot-2020-11-04-at-4.26.35-PM-400x270.png 400w, https:\/\/clientweb.dev\/tscu\/wp-content\/uploads\/2020\/11\/Screen-Shot-2020-11-04-at-4.26.35-PM.png 578w\" sizes=\"(max-width: 950px) 100vw, (max-width: 640px) 100vw, 400px\" \/><\/span><\/div><div class=\"fusion-title title fusion-title-2 fusion-sep-none fusion-title-text fusion-title-size-two\" style=\"--awb-margin-top-small:0px;--awb-margin-right-small:0px;--awb-margin-bottom-small:20px;--awb-margin-left-small:0px;\"><h2 class=\"fusion-title-heading title-heading-left fusion-responsive-typography-calculated\" style=\"margin:0;--fontSize:26;line-height:1.5;\">Compra \/ refinanciamiento<\/h2><\/div><div ><a class=\"fusion-button button-flat fusion-button-default-size button-default fusion-button-default button-1 fusion-button-default-span fusion-button-default-type\" target=\"_self\" href=\"https:\/\/clientweb.dev\/tscu\/home-purchase-and-refinancing-loans\/\"><span class=\"fusion-button-text awb-button__text awb-button__text--default\">Aprende m\u00e1s<\/span><\/a><\/div><\/div><\/div><div class=\"fusion-layout-column fusion_builder_column fusion-builder-column-2 fusion_builder_column_1_4 1_4 fusion-flex-column\" style=\"--awb-bg-size:cover;--awb-width-large:25%;--awb-margin-top-large:0px;--awb-spacing-right-large:7.68%;--awb-margin-bottom-large:0px;--awb-spacing-left-large:7.68%;--awb-width-medium:100%;--awb-order-medium:0;--awb-spacing-right-medium:1.92%;--awb-spacing-left-medium:1.92%;--awb-width-small:100%;--awb-order-small:0;--awb-spacing-right-small:1.92%;--awb-spacing-left-small:1.92%;\"><div class=\"fusion-column-wrapper fusion-column-has-shadow fusion-flex-justify-content-flex-start fusion-content-layout-column\"><div class=\"fusion-image-element \" style=\"--awb-caption-title-font-family:var(--h2_typography-font-family);--awb-caption-title-font-weight:var(--h2_typography-font-weight);--awb-caption-title-font-style:var(--h2_typography-font-style);--awb-caption-title-size:var(--h2_typography-font-size);--awb-caption-title-transform:var(--h2_typography-text-transform);--awb-caption-title-line-height:var(--h2_typography-line-height);--awb-caption-title-letter-spacing:var(--h2_typography-letter-spacing);\"><span class=\" fusion-imageframe imageframe-none imageframe-2 hover-type-none\"><img decoding=\"async\" width=\"300\" height=\"203\" alt=\"Pr\u00e9stamos con garant\u00eda hipotecaria OKC\" title=\"Screen Shot 2020-11-04 at 4.26.42 PM\" src=\"https:\/\/clientweb.dev\/tscu\/wp-content\/uploads\/2020\/11\/Screen-Shot-2020-11-04-at-4.26.42-PM-300x203.png\" class=\"img-responsive wp-image-2272\" srcset=\"https:\/\/clientweb.dev\/tscu\/wp-content\/uploads\/2020\/11\/Screen-Shot-2020-11-04-at-4.26.42-PM-200x136.png 200w, https:\/\/clientweb.dev\/tscu\/wp-content\/uploads\/2020\/11\/Screen-Shot-2020-11-04-at-4.26.42-PM-400x271.png 400w, https:\/\/clientweb.dev\/tscu\/wp-content\/uploads\/2020\/11\/Screen-Shot-2020-11-04-at-4.26.42-PM.png 572w\" sizes=\"(max-width: 950px) 100vw, (max-width: 640px) 100vw, 400px\" \/><\/span><\/div><div class=\"fusion-title title fusion-title-3 fusion-sep-none fusion-title-text fusion-title-size-two\" style=\"--awb-margin-top-small:0px;--awb-margin-right-small:0px;--awb-margin-bottom-small:20px;--awb-margin-left-small:0px;\"><h2 class=\"fusion-title-heading title-heading-left fusion-responsive-typography-calculated\" style=\"margin:0;--fontSize:26;line-height:1.5;\">Equidad de la vivienda<\/h2><\/div><div ><a class=\"fusion-button button-flat fusion-button-default-size button-default fusion-button-default button-2 fusion-button-default-span fusion-button-default-type\" target=\"_self\" href=\"https:\/\/clientweb.dev\/tscu\/home-equity-line-of-credit\/\"><span class=\"fusion-button-text awb-button__text awb-button__text--default\">Aprende m\u00e1s<\/span><\/a><\/div><\/div><\/div><div class=\"fusion-layout-column fusion_builder_column fusion-builder-column-3 fusion_builder_column_1_4 1_4 fusion-flex-column\" style=\"--awb-bg-size:cover;--awb-width-large:25%;--awb-margin-top-large:0px;--awb-spacing-right-large:7.68%;--awb-margin-bottom-large:0px;--awb-spacing-left-large:7.68%;--awb-width-medium:100%;--awb-order-medium:0;--awb-spacing-right-medium:1.92%;--awb-spacing-left-medium:1.92%;--awb-width-small:100%;--awb-order-small:0;--awb-spacing-right-small:1.92%;--awb-spacing-left-small:1.92%;\"><div class=\"fusion-column-wrapper fusion-column-has-shadow fusion-flex-justify-content-flex-start fusion-content-layout-column\"><div class=\"fusion-image-element \" style=\"--awb-caption-title-font-family:var(--h2_typography-font-family);--awb-caption-title-font-weight:var(--h2_typography-font-weight);--awb-caption-title-font-style:var(--h2_typography-font-style);--awb-caption-title-size:var(--h2_typography-font-size);--awb-caption-title-transform:var(--h2_typography-text-transform);--awb-caption-title-line-height:var(--h2_typography-line-height);--awb-caption-title-letter-spacing:var(--h2_typography-letter-spacing);\"><span class=\" fusion-imageframe imageframe-none imageframe-3 hover-type-none\"><img decoding=\"async\" width=\"300\" height=\"203\" alt=\"Pr\u00e9stamos para terrenos y solares OKC\" title=\"Screen Shot 2020-11-04 at 4.26.47 PM\" src=\"https:\/\/clientweb.dev\/tscu\/wp-content\/uploads\/2020\/11\/Screen-Shot-2020-11-04-at-4.26.47-PM-300x203.png\" class=\"img-responsive wp-image-2271\" srcset=\"https:\/\/clientweb.dev\/tscu\/wp-content\/uploads\/2020\/11\/Screen-Shot-2020-11-04-at-4.26.47-PM-200x136.png 200w, https:\/\/clientweb.dev\/tscu\/wp-content\/uploads\/2020\/11\/Screen-Shot-2020-11-04-at-4.26.47-PM-400x271.png 400w, https:\/\/clientweb.dev\/tscu\/wp-content\/uploads\/2020\/11\/Screen-Shot-2020-11-04-at-4.26.47-PM.png 572w\" sizes=\"(max-width: 950px) 100vw, (max-width: 640px) 100vw, 400px\" \/><\/span><\/div><div class=\"fusion-title title fusion-title-4 fusion-sep-none fusion-title-text fusion-title-size-two\" style=\"--awb-margin-top-small:0px;--awb-margin-right-small:0px;--awb-margin-bottom-small:20px;--awb-margin-left-small:0px;\"><h2 class=\"fusion-title-heading title-heading-left fusion-responsive-typography-calculated\" style=\"margin:0;--fontSize:26;line-height:1.5;\">Pr\u00e9stamos de tierras<\/h2><\/div><div ><a class=\"fusion-button button-flat fusion-button-default-size button-default fusion-button-default button-3 fusion-button-default-span fusion-button-default-type\" target=\"_self\" href=\"https:\/\/clientweb.dev\/tscu\/land-loans\/\"><span class=\"fusion-button-text awb-button__text awb-button__text--default\">Aprende m\u00e1s<\/span><\/a><\/div><\/div><\/div><div class=\"fusion-layout-column fusion_builder_column fusion-builder-column-4 fusion_builder_column_1_4 1_4 fusion-flex-column\" style=\"--awb-bg-size:cover;--awb-width-large:25%;--awb-margin-top-large:0px;--awb-spacing-right-large:7.68%;--awb-margin-bottom-large:0px;--awb-spacing-left-large:7.68%;--awb-width-medium:100%;--awb-order-medium:0;--awb-spacing-right-medium:1.92%;--awb-spacing-left-medium:1.92%;--awb-width-small:100%;--awb-order-small:0;--awb-spacing-right-small:1.92%;--awb-spacing-left-small:1.92%;\"><div class=\"fusion-column-wrapper fusion-column-has-shadow fusion-flex-justify-content-flex-start fusion-content-layout-column\"><div class=\"fusion-image-element \" style=\"--awb-caption-title-font-family:var(--h2_typography-font-family);--awb-caption-title-font-weight:var(--h2_typography-font-weight);--awb-caption-title-font-style:var(--h2_typography-font-style);--awb-caption-title-size:var(--h2_typography-font-size);--awb-caption-title-transform:var(--h2_typography-text-transform);--awb-caption-title-line-height:var(--h2_typography-line-height);--awb-caption-title-letter-spacing:var(--h2_typography-letter-spacing);\"><span class=\" fusion-imageframe imageframe-none imageframe-4 hover-type-none\"><img decoding=\"async\" width=\"300\" height=\"202\" alt=\"Pr\u00e9stamos para casa de vacaciones OKC\" title=\"Screen Shot 2020-11-04 at 4.27.05 PM\" src=\"https:\/\/clientweb.dev\/tscu\/wp-content\/uploads\/2020\/11\/Screen-Shot-2020-11-04-at-4.27.05-PM-300x202.png\" class=\"img-responsive wp-image-2269\" srcset=\"https:\/\/clientweb.dev\/tscu\/wp-content\/uploads\/2020\/11\/Screen-Shot-2020-11-04-at-4.27.05-PM-200x135.png 200w, https:\/\/clientweb.dev\/tscu\/wp-content\/uploads\/2020\/11\/Screen-Shot-2020-11-04-at-4.27.05-PM-400x269.png 400w, https:\/\/clientweb.dev\/tscu\/wp-content\/uploads\/2020\/11\/Screen-Shot-2020-11-04-at-4.27.05-PM.png 570w\" sizes=\"(max-width: 950px) 100vw, (max-width: 640px) 100vw, 400px\" \/><\/span><\/div><div class=\"fusion-title title fusion-title-5 fusion-sep-none fusion-title-text fusion-title-size-two\" style=\"--awb-margin-top-small:0px;--awb-margin-right-small:0px;--awb-margin-bottom-small:20px;--awb-margin-left-small:0px;\"><h2 class=\"fusion-title-heading title-heading-left fusion-responsive-typography-calculated\" style=\"margin:0;--fontSize:26;line-height:1.5;\">Casas de vacaciones<\/h2><\/div><div ><a class=\"fusion-button button-flat fusion-button-default-size button-default fusion-button-default button-4 fusion-button-default-span fusion-button-default-type\" target=\"_self\" href=\"https:\/\/clientweb.dev\/tscu\/vacation-home-loans\/\"><span class=\"fusion-button-text awb-button__text awb-button__text--default\">Aprende m\u00e1s<\/span><\/a><\/div><\/div><\/div><\/div><\/div><div class=\"fusion-fullwidth fullwidth-box fusion-builder-row-2 fusion-flex-container nonhundred-percent-fullwidth non-hundred-percent-height-scrolling\" style=\"--awb-border-radius-top-left:0px;--awb-border-radius-top-right:0px;--awb-border-radius-bottom-right:0px;--awb-border-radius-bottom-left:0px;--awb-flex-wrap:wrap;\" ><div class=\"fusion-builder-row fusion-row fusion-flex-align-items-flex-start fusion-flex-content-wrap\" style=\"max-width:1352px;margin-left: calc(-4% \/ 2 );margin-right: calc(-4% \/ 2 );\"><\/div><\/div><div class=\"fusion-fullwidth fullwidth-box fusion-builder-row-3 fusion-flex-container nonhundred-percent-fullwidth non-hundred-percent-height-scrolling\" style=\"--awb-border-radius-top-left:0px;--awb-border-radius-top-right:0px;--awb-border-radius-bottom-right:0px;--awb-border-radius-bottom-left:0px;--awb-padding-top:70px;--awb-padding-bottom:70px;--awb-flex-wrap:wrap;\" ><div class=\"fusion-builder-row fusion-row fusion-flex-align-items-flex-start fusion-flex-content-wrap\" style=\"max-width:1352px;margin-left: calc(-4% \/ 2 );margin-right: calc(-4% \/ 2 );\"><\/div><\/div><\/p>\n","protected":false},"excerpt":{"rendered":"","protected":false},"author":1,"featured_media":0,"parent":0,"menu_order":0,"comment_status":"closed","ping_status":"closed","template":"","meta":{"footnotes":""},"class_list":["post-7859","page","type-page","status-publish","hentry"],"yoast_head":"<!-- This site is optimized with the Yoast SEO plugin v27.2 - https:\/\/yoast.com\/product\/yoast-seo-wordpress\/ -->\n<title>Pr\u00e9stamos hipotecarios - True Sky Federal Credit Union de Oklahoma City, OK<\/title>\n<meta name=\"description\" content=\"Listo para tu pr\u00f3ximo movimiento. Nuestros pr\u00e9stamos hipotecarios, ya sea que est\u00e9 buscando refinanciamiento, vivienda nueva, garant\u00eda hipotecaria o una casa de vacaciones, podemos ayudarlo.\" \/>\n<meta name=\"robots\" content=\"noindex, follow, max-snippet:-1, max-image-preview:large, max-video-preview:-1\" \/>\n<meta property=\"og:locale\" content=\"en_US\" \/>\n<meta property=\"og:type\" content=\"article\" \/>\n<meta property=\"og:title\" content=\"Pr\u00e9stamos hipotecarios - True Sky Federal Credit Union de Oklahoma City, OK\" \/>\n<meta property=\"og:description\" content=\"Listo para tu pr\u00f3ximo movimiento. Nuestros pr\u00e9stamos hipotecarios, ya sea que est\u00e9 buscando refinanciamiento, vivienda nueva, garant\u00eda hipotecaria o una casa de vacaciones, podemos ayudarlo.\" \/>\n<meta property=\"og:url\" content=\"https:\/\/clientweb.dev\/tscu\/prestamos-hipotecarios\/?lang=es\" \/>\n<meta property=\"og:site_name\" content=\"True Sky Federal Credit Union\" \/>\n<meta property=\"article:publisher\" content=\"https:\/\/www.facebook.com\/TrueSkyCU\/\" \/>\n<meta property=\"article:modified_time\" content=\"2023-02-13T16:32:16+00:00\" \/>\n<meta property=\"og:image\" content=\"https:\/\/clientweb.dev\/tscu\/wp-content\/uploads\/2020\/09\/TrueSKy-logo-Retina-01.png\" \/>\n\t<meta property=\"og:image:width\" content=\"380\" \/>\n\t<meta property=\"og:image:height\" content=\"215\" \/>\n\t<meta property=\"og:image:type\" content=\"image\/png\" \/>\n<meta name=\"twitter:card\" content=\"summary_large_image\" \/>\n<meta name=\"twitter:site\" content=\"@trueskycu\" \/>\n<script type=\"application\/ld+json\" class=\"yoast-schema-graph\">{\"@context\":\"https:\/\/schema.org\",\"@graph\":[{\"@type\":\"WebPage\",\"@id\":\"https:\/\/clientweb.dev\/tscu\/prestamos-hipotecarios\/?lang=es\",\"url\":\"https:\/\/clientweb.dev\/tscu\/prestamos-hipotecarios\/?lang=es\",\"name\":\"Pr\u00e9stamos hipotecarios - True Sky Federal Credit Union de Oklahoma City, OK\",\"isPartOf\":{\"@id\":\"https:\/\/clientweb.dev\/tscu\/#website\"},\"datePublished\":\"2020-11-04T17:43:38+00:00\",\"dateModified\":\"2023-02-13T16:32:16+00:00\",\"description\":\"Listo para tu pr\u00f3ximo movimiento. Nuestros pr\u00e9stamos hipotecarios, ya sea que est\u00e9 buscando refinanciamiento, vivienda nueva, garant\u00eda hipotecaria o una casa de vacaciones, podemos ayudarlo.\",\"breadcrumb\":{\"@id\":\"https:\/\/clientweb.dev\/tscu\/prestamos-hipotecarios\/?lang=es#breadcrumb\"},\"inLanguage\":\"en-US\",\"potentialAction\":[{\"@type\":\"ReadAction\",\"target\":[\"https:\/\/clientweb.dev\/tscu\/prestamos-hipotecarios\/?lang=es\"]}]},{\"@type\":\"BreadcrumbList\",\"@id\":\"https:\/\/clientweb.dev\/tscu\/prestamos-hipotecarios\/?lang=es#breadcrumb\",\"itemListElement\":[{\"@type\":\"ListItem\",\"position\":1,\"name\":\"Home\",\"item\":\"https:\/\/clientweb.dev\/tscu\/\"},{\"@type\":\"ListItem\",\"position\":2,\"name\":\"Pr\u00e9stamos hipotecarios\"}]},{\"@type\":\"WebSite\",\"@id\":\"https:\/\/clientweb.dev\/tscu\/#website\",\"url\":\"https:\/\/clientweb.dev\/tscu\/\",\"name\":\"True Sky Federal Credit Union\",\"description\":\"Where you truly belong\",\"publisher\":{\"@id\":\"https:\/\/clientweb.dev\/tscu\/#organization\"},\"potentialAction\":[{\"@type\":\"SearchAction\",\"target\":{\"@type\":\"EntryPoint\",\"urlTemplate\":\"https:\/\/clientweb.dev\/tscu\/?s={search_term_string}\"},\"query-input\":{\"@type\":\"PropertyValueSpecification\",\"valueRequired\":true,\"valueName\":\"search_term_string\"}}],\"inLanguage\":\"en-US\"},{\"@type\":\"Organization\",\"@id\":\"https:\/\/clientweb.dev\/tscu\/#organization\",\"name\":\"True Sky Credit Union\",\"url\":\"https:\/\/clientweb.dev\/tscu\/\",\"logo\":{\"@type\":\"ImageObject\",\"inLanguage\":\"en-US\",\"@id\":\"https:\/\/clientweb.dev\/tscu\/#\/schema\/logo\/image\/\",\"url\":\"https:\/\/clientweb.dev\/tscu\/wp-content\/uploads\/2020\/08\/WebpageLogo250.jpg\",\"contentUrl\":\"https:\/\/clientweb.dev\/tscu\/wp-content\/uploads\/2020\/08\/WebpageLogo250.jpg\",\"width\":250,\"height\":141,\"caption\":\"True Sky Credit Union\"},\"image\":{\"@id\":\"https:\/\/clientweb.dev\/tscu\/#\/schema\/logo\/image\/\"},\"sameAs\":[\"https:\/\/www.facebook.com\/TrueSkyCU\/\",\"https:\/\/x.com\/trueskycu\",\"https:\/\/www.instagram.com\/trueskycu\/\",\"https:\/\/www.linkedin.com\/company\/true-sky-credit-union\/\"]}]}<\/script>\n<!-- \/ Yoast SEO plugin. -->","yoast_head_json":{"title":"Pr\u00e9stamos hipotecarios - True Sky Federal Credit Union de Oklahoma City, OK","description":"Listo para tu pr\u00f3ximo movimiento. Nuestros pr\u00e9stamos hipotecarios, ya sea que est\u00e9 buscando refinanciamiento, vivienda nueva, garant\u00eda hipotecaria o una casa de vacaciones, podemos ayudarlo.","robots":{"index":"noindex","follow":"follow","max-snippet":"max-snippet:-1","max-image-preview":"max-image-preview:large","max-video-preview":"max-video-preview:-1"},"og_locale":"en_US","og_type":"article","og_title":"Pr\u00e9stamos hipotecarios - True Sky Federal Credit Union de Oklahoma City, OK","og_description":"Listo para tu pr\u00f3ximo movimiento. Nuestros pr\u00e9stamos hipotecarios, ya sea que est\u00e9 buscando refinanciamiento, vivienda nueva, garant\u00eda hipotecaria o una casa de vacaciones, podemos ayudarlo.","og_url":"https:\/\/clientweb.dev\/tscu\/prestamos-hipotecarios\/?lang=es","og_site_name":"True Sky Federal Credit Union","article_publisher":"https:\/\/www.facebook.com\/TrueSkyCU\/","article_modified_time":"2023-02-13T16:32:16+00:00","og_image":[{"width":380,"height":215,"url":"https:\/\/clientweb.dev\/tscu\/wp-content\/uploads\/2020\/09\/TrueSKy-logo-Retina-01.png","type":"image\/png"}],"twitter_card":"summary_large_image","twitter_site":"@trueskycu","schema":{"@context":"https:\/\/schema.org","@graph":[{"@type":"WebPage","@id":"https:\/\/clientweb.dev\/tscu\/prestamos-hipotecarios\/?lang=es","url":"https:\/\/clientweb.dev\/tscu\/prestamos-hipotecarios\/?lang=es","name":"Pr\u00e9stamos hipotecarios - True Sky Federal Credit Union de Oklahoma City, OK","isPartOf":{"@id":"https:\/\/clientweb.dev\/tscu\/#website"},"datePublished":"2020-11-04T17:43:38+00:00","dateModified":"2023-02-13T16:32:16+00:00","description":"Listo para tu pr\u00f3ximo movimiento. Nuestros pr\u00e9stamos hipotecarios, ya sea que est\u00e9 buscando refinanciamiento, vivienda nueva, garant\u00eda hipotecaria o una casa de vacaciones, podemos ayudarlo.","breadcrumb":{"@id":"https:\/\/clientweb.dev\/tscu\/prestamos-hipotecarios\/?lang=es#breadcrumb"},"inLanguage":"en-US","potentialAction":[{"@type":"ReadAction","target":["https:\/\/clientweb.dev\/tscu\/prestamos-hipotecarios\/?lang=es"]}]},{"@type":"BreadcrumbList","@id":"https:\/\/clientweb.dev\/tscu\/prestamos-hipotecarios\/?lang=es#breadcrumb","itemListElement":[{"@type":"ListItem","position":1,"name":"Home","item":"https:\/\/clientweb.dev\/tscu\/"},{"@type":"ListItem","position":2,"name":"Pr\u00e9stamos hipotecarios"}]},{"@type":"WebSite","@id":"https:\/\/clientweb.dev\/tscu\/#website","url":"https:\/\/clientweb.dev\/tscu\/","name":"True Sky Federal Credit Union","description":"Where you truly belong","publisher":{"@id":"https:\/\/clientweb.dev\/tscu\/#organization"},"potentialAction":[{"@type":"SearchAction","target":{"@type":"EntryPoint","urlTemplate":"https:\/\/clientweb.dev\/tscu\/?s={search_term_string}"},"query-input":{"@type":"PropertyValueSpecification","valueRequired":true,"valueName":"search_term_string"}}],"inLanguage":"en-US"},{"@type":"Organization","@id":"https:\/\/clientweb.dev\/tscu\/#organization","name":"True Sky Credit Union","url":"https:\/\/clientweb.dev\/tscu\/","logo":{"@type":"ImageObject","inLanguage":"en-US","@id":"https:\/\/clientweb.dev\/tscu\/#\/schema\/logo\/image\/","url":"https:\/\/clientweb.dev\/tscu\/wp-content\/uploads\/2020\/08\/WebpageLogo250.jpg","contentUrl":"https:\/\/clientweb.dev\/tscu\/wp-content\/uploads\/2020\/08\/WebpageLogo250.jpg","width":250,"height":141,"caption":"True Sky Credit Union"},"image":{"@id":"https:\/\/clientweb.dev\/tscu\/#\/schema\/logo\/image\/"},"sameAs":["https:\/\/www.facebook.com\/TrueSkyCU\/","https:\/\/x.com\/trueskycu","https:\/\/www.instagram.com\/trueskycu\/","https:\/\/www.linkedin.com\/company\/true-sky-credit-union\/"]}]}},"_links":{"self":[{"href":"https:\/\/clientweb.dev\/tscu\/wp-json\/wp\/v2\/pages\/7859","targetHints":{"allow":["GET"]}}],"collection":[{"href":"https:\/\/clientweb.dev\/tscu\/wp-json\/wp\/v2\/pages"}],"about":[{"href":"https:\/\/clientweb.dev\/tscu\/wp-json\/wp\/v2\/types\/page"}],"author":[{"embeddable":true,"href":"https:\/\/clientweb.dev\/tscu\/wp-json\/wp\/v2\/users\/1"}],"replies":[{"embeddable":true,"href":"https:\/\/clientweb.dev\/tscu\/wp-json\/wp\/v2\/comments?post=7859"}],"version-history":[{"count":0,"href":"https:\/\/clientweb.dev\/tscu\/wp-json\/wp\/v2\/pages\/7859\/revisions"}],"wp:attachment":[{"href":"https:\/\/clientweb.dev\/tscu\/wp-json\/wp\/v2\/media?parent=7859"}],"curies":[{"name":"wp","href":"https:\/\/api.w.org\/{rel}","templated":true}]}}