{"id":7786,"date":"2020-12-11T16:18:39","date_gmt":"2020-12-11T22:18:39","guid":{"rendered":"https:\/\/trueskycu.org\/cd-2\/"},"modified":"2023-02-20T07:00:53","modified_gmt":"2023-02-20T13:00:53","slug":"cd-2","status":"publish","type":"page","link":"https:\/\/clientweb.dev\/tscu\/cd-2\/?lang=es","title":{"rendered":"CD"},"content":{"rendered":"<p><div id=\"CD\" class=\"fusion-container-anchor\"><div class=\"fusion-fullwidth fullwidth-box fusion-builder-row-1 fusion-flex-container nonhundred-percent-fullwidth non-hundred-percent-height-scrolling\" style=\"--awb-border-radius-top-left:0px;--awb-border-radius-top-right:0px;--awb-border-radius-bottom-right:0px;--awb-border-radius-bottom-left:0px;--awb-padding-bottom:7%;--awb-background-color:#ffffff;--awb-background-image:linear-gradient(0deg, #ffffff 0%,rgba(255,255,255,0) 0%);--awb-flex-wrap:wrap;--awb-filter:opacity(78%);--awb-filter-transition:filter 0.3s ease;--awb-filter-hover:opacity(100%);\" ><div class=\"fusion-builder-row fusion-row fusion-flex-align-items-flex-start fusion-flex-content-wrap\" style=\"max-width:1352px;margin-left: calc(-4% \/ 2 );margin-right: calc(-4% \/ 2 );\"><div class=\"fusion-layout-column fusion_builder_column fusion-builder-column-0 fusion_builder_column_1_3 1_3 fusion-flex-column fusion-flex-align-self-stretch fusion-no-small-visibility\" style=\"--awb-bg-size:cover;--awb-width-large:33.333333333333%;--awb-margin-top-large:0px;--awb-spacing-right-large:5.76%;--awb-margin-bottom-large:0px;--awb-spacing-left-large:5.76%;--awb-width-medium:100%;--awb-order-medium:0;--awb-spacing-right-medium:1.92%;--awb-spacing-left-medium:1.92%;--awb-width-small:100%;--awb-order-small:0;--awb-spacing-right-small:1.92%;--awb-spacing-left-small:1.92%;\"><div class=\"fusion-column-wrapper fusion-column-has-shadow fusion-flex-justify-content-space-around fusion-content-layout-column\"><div class=\"fusion-image-element \" style=\"text-align:right;--awb-aspect-ratio:1 \/ 1;--awb-object-position:26% 24%;--awb-caption-title-font-family:var(--h2_typography-font-family);--awb-caption-title-font-weight:var(--h2_typography-font-weight);--awb-caption-title-font-style:var(--h2_typography-font-style);--awb-caption-title-size:var(--h2_typography-font-size);--awb-caption-title-transform:var(--h2_typography-text-transform);--awb-caption-title-line-height:var(--h2_typography-line-height);--awb-caption-title-letter-spacing:var(--h2_typography-letter-spacing);\"><span class=\" fusion-imageframe imageframe-none imageframe-1 hover-type-none has-aspect-ratio\"><img decoding=\"async\" width=\"300\" height=\"300\" alt=\"Get the best CD rates in OKC when you open a CD account &amp; get a certificate of deposit at True Sky Credit Union.\" title=\"Rosie Gets A CD At TSCU\" src=\"https:\/\/clientweb.dev\/tscu\/wp-content\/uploads\/2022\/10\/Rosie_Pose_03-300x300.png\" class=\"img-responsive wp-image-16554 img-with-aspect-ratio\" data-parent-fit=\"cover\" data-parent-container=\".fusion-image-element\" \/><\/span><\/div><\/div><\/div><div class=\"fusion-layout-column fusion_builder_column fusion-builder-column-1 fusion_builder_column_2_3 2_3 fusion-flex-column\" style=\"--awb-bg-size:cover;--awb-width-large:66.666666666667%;--awb-margin-top-large:0px;--awb-spacing-right-large:2.88%;--awb-margin-bottom-large:0px;--awb-spacing-left-large:2.88%;--awb-width-medium:100%;--awb-spacing-right-medium:1.92%;--awb-spacing-left-medium:1.92%;--awb-width-small:100%;--awb-spacing-right-small:1.92%;--awb-spacing-left-small:1.92%;\"><div class=\"fusion-column-wrapper fusion-column-has-shadow fusion-flex-justify-content-flex-start fusion-content-layout-column\"><div class=\"fusion-separator fusion-full-width-sep\" style=\"align-self: center;margin-left: auto;margin-right: auto;margin-top:80px;width:100%;\"><\/div><div class=\"fusion-title title fusion-title-1 fusion-sep-none fusion-title-center fusion-title-text fusion-title-size-two\" style=\"--awb-margin-bottom:30px;--awb-margin-top-small:0px;--awb-margin-right-small:0px;--awb-margin-bottom-small:0px;--awb-margin-left-small:0px;--awb-font-size:60px;\"><h2 class=\"fusion-title-heading title-heading-center fusion-responsive-typography-calculated\" style=\"margin:0;font-size:1em;--fontSize:60;line-height:1.1;\">Certificado de deposito<\/h2><\/div><div class=\"fusion-text fusion-text-1\"><p>Un certificado de dep\u00f3sito (CD), tambi\u00e9n conocido como certificado de acciones, es una excelente manera de invertir su dinero con bajo riesgo. El funcionamiento de una cuenta CD es sencillo. Usted elige durante cu\u00e1nto tiempo quiere tener su dinero invertido y se le pagar\u00e1 el inter\u00e9s correspondiente que se indica con la duraci\u00f3n del CD. Debe mantener sus fondos en el CD durante toda la duraci\u00f3n del mismo para que se paguen todos los intereses. Podr\u00e1 conocer todos los detalles cuando hable con uno de los representantes de True Sky Federal Credit Union. La mayor\u00eda de los certificados de dep\u00f3sito s\u00f3lo requieren una inversi\u00f3n de 500 d\u00f3lares. Consulte nuestros tipos de CD a continuaci\u00f3n.<\/p>\n<p>Sus fondos de certificado de dep\u00f3sito est\u00e1n asegurados hasta 250.000 d\u00f3lares por <a href=\"https:\/\/www.ncua.gov\/\" target=\"_blank\" rel=\"noopener\"><br \/>\n  <span style=\"color: #1c3d6e;\">NCUA<\/span><br \/>\n<\/a>que le da a su inversi\u00f3n una protecci\u00f3n que no puede encontrar en ning\u00fan otro lugar.<\/p>\n<p><strong>\u00bfEst\u00e1 interesado en abrir un CD? Visite una <a href=\"https:\/\/clientweb.dev\/tscu\/ubicaciones\/?lang=es\">sucursal<\/a> cercana o p\u00f3ngase en contacto con nosotros en el <a href=\"tel:1-405-682-1990\">405-682-1990<\/a>.<\/strong><\/p>\n<\/div><\/div><\/div><div class=\"fusion-layout-column fusion_builder_column fusion-builder-column-2 fusion_builder_column_1_1 1_1 fusion-flex-column\" style=\"--awb-padding-right:-20px;--awb-padding-left:-20px;--awb-bg-size:cover;--awb-width-large:100%;--awb-margin-top-large:0px;--awb-spacing-right-large:1.92%;--awb-margin-bottom-large:0px;--awb-spacing-left-large:1.92%;--awb-width-medium:100%;--awb-order-medium:0;--awb-spacing-right-medium:1.92%;--awb-spacing-left-medium:1.92%;--awb-width-small:100%;--awb-order-small:0;--awb-spacing-right-small:1.92%;--awb-spacing-left-small:1.92%;\"><div class=\"fusion-column-wrapper fusion-column-has-shadow fusion-flex-justify-content-flex-start fusion-content-layout-column fusion-content-nowrap\"><div class=\"fusion-separator fusion-full-width-sep\" style=\"align-self: center;margin-left: auto;margin-right: auto;margin-top:10px;margin-bottom:20px;width:100%;\"><\/div><div class=\"fusion-text fusion-text-2\"><h2>Tasas de CD en True Sky Federal Credit Union<\/h2>\n<\/div><div id=\"footable_parent_3596\"\n         class=\" footable_parent ninja_table_wrapper loading_ninja_table wp_table_data_press_parent semantic_ui colored_table\">\n                <table data-ninja_table_instance=\"ninja_table_instance_0\" data-footable_id=\"3596\" data-filter-delay=\"1000\" aria-label=\"CDs\"            id=\"footable_3596\"\n           data-unique_identifier=\"ninja_table_unique_id_293372239_3596\"\n           class=\" foo-table ninja_footable foo_table_3596 ninja_table_unique_id_293372239_3596 ui table  nt_type_legacy_table vertical_centered ninja_custom_color inverted footable-paging-right ninja_table_search_disabled\">\n                <colgroup>\n                            <col class=\"ninja_column_0 \">\n                            <col class=\"ninja_column_1 \">\n                            <col class=\"ninja_column_2 \">\n                            <col class=\"ninja_column_3 \">\n                    <\/colgroup>\n        <thead>\n<tr class=\"footable-header\">\n                                                                        <th scope=\"col\"  class=\"ninja_column_0 ninja_clmn_nm_ninja_column_1 \">\ufeff<\/th><th scope=\"col\"  class=\"ninja_column_1 ninja_clmn_nm_balancerequirement \">Balance Requirement<\/th><th scope=\"col\"  class=\"ninja_column_2 ninja_clmn_nm_dividendrate \">Dividend Rate<\/th><th scope=\"col\"  class=\"ninja_column_3 ninja_clmn_nm_apy \"> APY<\/th><\/tr>\n<\/thead>\n<tbody>\n\n        <tr data-row_id=\"188\" class=\"ninja_table_row_0 nt_row_id_188\">\n            <td>90 Days CD<\/td><td>$1,000 <\/td><td>.55%<\/td><td>.55%<\/td>        <\/tr>\n            <tr data-row_id=\"189\" class=\"ninja_table_row_1 nt_row_id_189\">\n            <td>6 Month CD<\/td><td>$1,000 <\/td><td>.90%<\/td><td>.90%<\/td>        <\/tr>\n            <tr data-row_id=\"190\" class=\"ninja_table_row_2 nt_row_id_190\">\n            <td>7-12 Month CD<\/td><td>$1,000 <\/td><td>1.10%<\/td><td>1.11%<\/td>        <\/tr>\n            <tr data-row_id=\"191\" class=\"ninja_table_row_3 nt_row_id_191\">\n            <td>13-23 Month CD<\/td><td>$500 <\/td><td>1.30%<\/td><td>1.31%<\/td>        <\/tr>\n            <tr data-row_id=\"192\" class=\"ninja_table_row_4 nt_row_id_192\">\n            <td>24-35 Month CD<\/td><td>$500 <\/td><td>1.25%<\/td><td>1.26%<\/td>        <\/tr>\n            <tr data-row_id=\"193\" class=\"ninja_table_row_5 nt_row_id_193\">\n            <td>36-47 Month CD<\/td><td>$500 <\/td><td>1.35%<\/td><td>1.36%<\/td>        <\/tr>\n            <tr data-row_id=\"194\" class=\"ninja_table_row_6 nt_row_id_194\">\n            <td>48-59 Month CD<\/td><td>$500 <\/td><td>1.35%<\/td><td>1.36%<\/td>        <\/tr>\n            <tr data-row_id=\"195\" class=\"ninja_table_row_7 nt_row_id_195\">\n            <td>5 year CD<\/td><td>$500 <\/td><td>1.56%<\/td><td>1.57%<\/td>        <\/tr>\n    <\/tbody><!--ninja_tobody_rendering_done-->\n    <\/table>\n    \n    \n    \n<\/div>\n<div class=\"fusion-text fusion-text-3\" style=\"--awb-font-size:9px;\"><p>Las tasas anteriores son las mejores tasas de CD actuales en True Sky Federal Credit Union. Aunque nos esforzamos por mantener actualizados los tipos de CD que publicamos en nuestro sitio web, estos tipos est\u00e1n sujetos a cambios. P\u00f3ngase en contacto con un asesor de True Sky Federal Credit Union para confirmar todos los tipos de CD del banco antes de abrir una cuenta de CD.<\/p>\n<\/div><div class=\"fusion-title title fusion-title-2 fusion-sep-none fusion-title-text fusion-title-size-one\" style=\"--awb-margin-top-small:0px;--awb-margin-right-small:0px;--awb-margin-bottom-small:20px;--awb-margin-left-small:0px;\"><h1 class=\"fusion-title-heading title-heading-left fusion-responsive-typography-calculated\" style=\"margin:0;--fontSize:30;line-height:1.1;\">Gane dinero con una tasa de inter\u00e9s alta con nuestros especiales de CD actuales. <a href=\"https:\/\/clientweb.dev\/tscu\/true-sky-cd\/?lang=es\">Haga clic aqu\u00ed<\/a>.<\/h1><\/div><div class=\"fusion-image-element \" style=\"text-align:center;--awb-caption-title-font-family:var(--h2_typography-font-family);--awb-caption-title-font-weight:var(--h2_typography-font-weight);--awb-caption-title-font-style:var(--h2_typography-font-style);--awb-caption-title-size:var(--h2_typography-font-size);--awb-caption-title-transform:var(--h2_typography-text-transform);--awb-caption-title-line-height:var(--h2_typography-line-height);--awb-caption-title-letter-spacing:var(--h2_typography-letter-spacing);\"><span class=\" fusion-imageframe imageframe-none imageframe-2 hover-type-none\"><a class=\"fusion-no-lightbox\" href=\"https:\/\/clientweb.dev\/tscu\/true-sky-cd\/?lang=es\" target=\"_self\" aria-label=\"Updated CD Rate\"><img decoding=\"async\" width=\"1921\" height=\"1081\" src=\"https:\/\/clientweb.dev\/tscu\/wp-content\/uploads\/2023\/01\/Updated-CD-Rate.jpg\" alt class=\"img-responsive wp-image-18232\" srcset=\"https:\/\/clientweb.dev\/tscu\/wp-content\/uploads\/2023\/01\/Updated-CD-Rate-200x113.jpg 200w, https:\/\/clientweb.dev\/tscu\/wp-content\/uploads\/2023\/01\/Updated-CD-Rate-400x225.jpg 400w, https:\/\/clientweb.dev\/tscu\/wp-content\/uploads\/2023\/01\/Updated-CD-Rate-600x338.jpg 600w, https:\/\/clientweb.dev\/tscu\/wp-content\/uploads\/2023\/01\/Updated-CD-Rate-800x450.jpg 800w, https:\/\/clientweb.dev\/tscu\/wp-content\/uploads\/2023\/01\/Updated-CD-Rate-1200x675.jpg 1200w, https:\/\/clientweb.dev\/tscu\/wp-content\/uploads\/2023\/01\/Updated-CD-Rate.jpg 1921w\" sizes=\"(max-width: 950px) 100vw, (max-width: 640px) 100vw, 1921px\" \/><\/a><\/span><\/div><div class=\"fusion-separator fusion-full-width-sep\" style=\"align-self: center;margin-left: auto;margin-right: auto;margin-top:20px;margin-bottom:30px;width:100%;\"><\/div><div class=\"accordian fusion-accordian\" style=\"--awb-border-size:1px;--awb-icon-size:13px;--awb-content-font-size:16px;--awb-icon-alignment:left;--awb-hover-color:#f9f9f9;--awb-border-color:#cccccc;--awb-background-color:#ffffff;--awb-divider-color:#e0dede;--awb-divider-hover-color:#e0dede;--awb-icon-color:#ffffff;--awb-title-color:#20c4f4;--awb-content-color:#1c3d6e;--awb-icon-box-color:#1c3d6e;--awb-toggle-hover-accent-color:#20c4f4;--awb-title-font-family:&quot;Inter&quot;;--awb-title-font-weight:300;--awb-title-font-style:normal;--awb-content-font-family:&quot;Inter&quot;;--awb-content-font-style:normal;--awb-content-font-weight:300;\"><div class=\"panel-group fusion-toggle-icon-boxed\" id=\"accordion-7786-1\"><div class=\"fusion-panel panel-default panel-5a1a1d2e354707c1a fusion-toggle-no-divider\" style=\"--awb-title-color:#20c4f4;--awb-content-color:#1c3d6e;\"><div class=\"panel-heading\"><h3 class=\"panel-title toggle\" id=\"toggle_5a1a1d2e354707c1a\"><a aria-expanded=\"false\" aria-controls=\"5a1a1d2e354707c1a\" role=\"button\" data-toggle=\"collapse\" data-parent=\"#accordion-7786-1\" data-target=\"#5a1a1d2e354707c1a\" href=\"#5a1a1d2e354707c1a\"><span class=\"fusion-toggle-icon-wrapper\" aria-hidden=\"true\"><i class=\"fa-fusion-box active-icon awb-icon-minus\" aria-hidden=\"true\"><\/i><i class=\"fa-fusion-box inactive-icon awb-icon-plus\" aria-hidden=\"true\"><\/i><\/span><span class=\"fusion-toggle-heading\">Divulgaciones<\/span><\/a><\/h3><\/div><div id=\"5a1a1d2e354707c1a\" class=\"panel-collapse collapse \" aria-labelledby=\"toggle_5a1a1d2e354707c1a\"><div class=\"panel-body toggle-content fusion-clearfix\">\n<p><em>APY=Rendimiento Porcentual Anual. La tarifa es exacta en el momento de la publicaci\u00f3n y est\u00e1 sujeta a cambios y disponibilidad. Se requiere un dep\u00f3sito m\u00ednimo de 1.000 d\u00f3lares y un m\u00e1ximo de 100.000 d\u00f3lares. Las tarifas pueden reducir las ganancias. Se puede aplicar una multa por retiro anticipado. S\u00f3lo para los nuevos miembros. Asegurado federalmente por NCUA.<\/em><\/p>\n<\/div><\/div><\/div><\/div><\/div><\/div><\/div><\/div><\/div><\/div><div class=\"fusion-fullwidth fullwidth-box fusion-builder-row-2 fusion-flex-container has-pattern-background has-mask-background nonhundred-percent-fullwidth non-hundred-percent-height-scrolling\" style=\"--awb-border-radius-top-left:0px;--awb-border-radius-top-right:0px;--awb-border-radius-bottom-right:0px;--awb-border-radius-bottom-left:0px;--awb-flex-wrap:wrap;\" ><div class=\"fusion-builder-row fusion-row fusion-flex-align-items-flex-start fusion-flex-content-wrap\" style=\"max-width:1352px;margin-left: calc(-4% \/ 2 );margin-right: calc(-4% \/ 2 );\"><div class=\"fusion-layout-column fusion_builder_column fusion-builder-column-3 fusion_builder_column_1_1 1_1 fusion-flex-column\" style=\"--awb-bg-size:cover;--awb-width-large:100%;--awb-margin-top-large:0px;--awb-spacing-right-large:1.92%;--awb-margin-bottom-large:0px;--awb-spacing-left-large:1.92%;--awb-width-medium:100%;--awb-order-medium:0;--awb-spacing-right-medium:1.92%;--awb-spacing-left-medium:1.92%;--awb-width-small:100%;--awb-order-small:0;--awb-spacing-right-small:1.92%;--awb-spacing-left-small:1.92%;\"><div class=\"fusion-column-wrapper fusion-column-has-shadow fusion-flex-justify-content-flex-start fusion-content-layout-column\"><\/div><\/div><\/div><\/div><\/p>\n","protected":false},"excerpt":{"rendered":"","protected":false},"author":1,"featured_media":0,"parent":0,"menu_order":0,"comment_status":"closed","ping_status":"closed","template":"100-width.php","meta":{"footnotes":""},"class_list":["post-7786","page","type-page","status-publish","hentry"],"yoast_head":"<!-- This site is optimized with the Yoast SEO plugin v27.2 - https:\/\/yoast.com\/product\/yoast-seo-wordpress\/ -->\n<title>Tasas de CD y cuentas de CD en True Sky Federal Credit Union en OKC<\/title>\n<meta name=\"description\" content=\"Obtenga las mejores tasas de CD en Oklahoma City en True Sky Federal Credit Union. Abra un certificado de dep\u00f3sito y elija entre un plazo de 1 a 5 a\u00f1os. Obtenga una cuenta de CD hoy mismo.\" \/>\n<meta name=\"robots\" content=\"noindex, follow, max-snippet:-1, max-image-preview:large, max-video-preview:-1\" \/>\n<meta property=\"og:locale\" content=\"en_US\" \/>\n<meta property=\"og:type\" content=\"article\" \/>\n<meta property=\"og:title\" content=\"Tasas de CD y cuentas de CD en True Sky Federal Credit Union en OKC\" \/>\n<meta property=\"og:description\" content=\"Obtenga las mejores tasas de CD en Oklahoma City en True Sky Federal Credit Union. Abra un certificado de dep\u00f3sito y elija entre un plazo de 1 a 5 a\u00f1os. Obtenga una cuenta de CD hoy mismo.\" \/>\n<meta property=\"og:url\" content=\"https:\/\/clientweb.dev\/tscu\/cd-2\/?lang=es\" \/>\n<meta property=\"og:site_name\" content=\"True Sky Federal Credit Union\" \/>\n<meta property=\"article:publisher\" content=\"https:\/\/www.facebook.com\/TrueSkyCU\/\" \/>\n<meta property=\"article:modified_time\" content=\"2023-02-20T13:00:53+00:00\" \/>\n<meta property=\"og:image\" content=\"https:\/\/clientweb.dev\/tscu\/wp-content\/uploads\/2020\/09\/TrueSKy-logo-Retina-01.png\" \/>\n\t<meta property=\"og:image:width\" content=\"380\" \/>\n\t<meta property=\"og:image:height\" content=\"215\" \/>\n\t<meta property=\"og:image:type\" content=\"image\/png\" \/>\n<meta name=\"twitter:card\" content=\"summary_large_image\" \/>\n<meta name=\"twitter:site\" content=\"@trueskycu\" \/>\n<script type=\"application\/ld+json\" class=\"yoast-schema-graph\">{\"@context\":\"https:\/\/schema.org\",\"@graph\":[{\"@type\":\"WebPage\",\"@id\":\"https:\/\/clientweb.dev\/tscu\/cd-2\/?lang=es\",\"url\":\"https:\/\/clientweb.dev\/tscu\/cd-2\/?lang=es\",\"name\":\"Tasas de CD y cuentas de CD en True Sky Federal Credit Union en OKC\",\"isPartOf\":{\"@id\":\"https:\/\/clientweb.dev\/tscu\/#website\"},\"datePublished\":\"2020-12-11T22:18:39+00:00\",\"dateModified\":\"2023-02-20T13:00:53+00:00\",\"description\":\"Obtenga las mejores tasas de CD en Oklahoma City en True Sky Federal Credit Union. Abra un certificado de dep\u00f3sito y elija entre un plazo de 1 a 5 a\u00f1os. Obtenga una cuenta de CD hoy mismo.\",\"breadcrumb\":{\"@id\":\"https:\/\/clientweb.dev\/tscu\/cd-2\/?lang=es#breadcrumb\"},\"inLanguage\":\"en-US\",\"potentialAction\":[{\"@type\":\"ReadAction\",\"target\":[\"https:\/\/clientweb.dev\/tscu\/cd-2\/?lang=es\"]}]},{\"@type\":\"BreadcrumbList\",\"@id\":\"https:\/\/clientweb.dev\/tscu\/cd-2\/?lang=es#breadcrumb\",\"itemListElement\":[{\"@type\":\"ListItem\",\"position\":1,\"name\":\"Home\",\"item\":\"https:\/\/clientweb.dev\/tscu\/\"},{\"@type\":\"ListItem\",\"position\":2,\"name\":\"CD\"}]},{\"@type\":\"WebSite\",\"@id\":\"https:\/\/clientweb.dev\/tscu\/#website\",\"url\":\"https:\/\/clientweb.dev\/tscu\/\",\"name\":\"True Sky Federal Credit Union\",\"description\":\"Where you truly belong\",\"publisher\":{\"@id\":\"https:\/\/clientweb.dev\/tscu\/#organization\"},\"potentialAction\":[{\"@type\":\"SearchAction\",\"target\":{\"@type\":\"EntryPoint\",\"urlTemplate\":\"https:\/\/clientweb.dev\/tscu\/?s={search_term_string}\"},\"query-input\":{\"@type\":\"PropertyValueSpecification\",\"valueRequired\":true,\"valueName\":\"search_term_string\"}}],\"inLanguage\":\"en-US\"},{\"@type\":\"Organization\",\"@id\":\"https:\/\/clientweb.dev\/tscu\/#organization\",\"name\":\"True Sky Credit Union\",\"url\":\"https:\/\/clientweb.dev\/tscu\/\",\"logo\":{\"@type\":\"ImageObject\",\"inLanguage\":\"en-US\",\"@id\":\"https:\/\/clientweb.dev\/tscu\/#\/schema\/logo\/image\/\",\"url\":\"https:\/\/clientweb.dev\/tscu\/wp-content\/uploads\/2020\/08\/WebpageLogo250.jpg\",\"contentUrl\":\"https:\/\/clientweb.dev\/tscu\/wp-content\/uploads\/2020\/08\/WebpageLogo250.jpg\",\"width\":250,\"height\":141,\"caption\":\"True Sky Credit Union\"},\"image\":{\"@id\":\"https:\/\/clientweb.dev\/tscu\/#\/schema\/logo\/image\/\"},\"sameAs\":[\"https:\/\/www.facebook.com\/TrueSkyCU\/\",\"https:\/\/x.com\/trueskycu\",\"https:\/\/www.instagram.com\/trueskycu\/\",\"https:\/\/www.linkedin.com\/company\/true-sky-credit-union\/\"]}]}<\/script>\n<!-- \/ Yoast SEO plugin. -->","yoast_head_json":{"title":"Tasas de CD y cuentas de CD en True Sky Federal Credit Union en OKC","description":"Obtenga las mejores tasas de CD en Oklahoma City en True Sky Federal Credit Union. Abra un certificado de dep\u00f3sito y elija entre un plazo de 1 a 5 a\u00f1os. Obtenga una cuenta de CD hoy mismo.","robots":{"index":"noindex","follow":"follow","max-snippet":"max-snippet:-1","max-image-preview":"max-image-preview:large","max-video-preview":"max-video-preview:-1"},"og_locale":"en_US","og_type":"article","og_title":"Tasas de CD y cuentas de CD en True Sky Federal Credit Union en OKC","og_description":"Obtenga las mejores tasas de CD en Oklahoma City en True Sky Federal Credit Union. Abra un certificado de dep\u00f3sito y elija entre un plazo de 1 a 5 a\u00f1os. Obtenga una cuenta de CD hoy mismo.","og_url":"https:\/\/clientweb.dev\/tscu\/cd-2\/?lang=es","og_site_name":"True Sky Federal Credit Union","article_publisher":"https:\/\/www.facebook.com\/TrueSkyCU\/","article_modified_time":"2023-02-20T13:00:53+00:00","og_image":[{"width":380,"height":215,"url":"https:\/\/clientweb.dev\/tscu\/wp-content\/uploads\/2020\/09\/TrueSKy-logo-Retina-01.png","type":"image\/png"}],"twitter_card":"summary_large_image","twitter_site":"@trueskycu","schema":{"@context":"https:\/\/schema.org","@graph":[{"@type":"WebPage","@id":"https:\/\/clientweb.dev\/tscu\/cd-2\/?lang=es","url":"https:\/\/clientweb.dev\/tscu\/cd-2\/?lang=es","name":"Tasas de CD y cuentas de CD en True Sky Federal Credit Union en OKC","isPartOf":{"@id":"https:\/\/clientweb.dev\/tscu\/#website"},"datePublished":"2020-12-11T22:18:39+00:00","dateModified":"2023-02-20T13:00:53+00:00","description":"Obtenga las mejores tasas de CD en Oklahoma City en True Sky Federal Credit Union. Abra un certificado de dep\u00f3sito y elija entre un plazo de 1 a 5 a\u00f1os. Obtenga una cuenta de CD hoy mismo.","breadcrumb":{"@id":"https:\/\/clientweb.dev\/tscu\/cd-2\/?lang=es#breadcrumb"},"inLanguage":"en-US","potentialAction":[{"@type":"ReadAction","target":["https:\/\/clientweb.dev\/tscu\/cd-2\/?lang=es"]}]},{"@type":"BreadcrumbList","@id":"https:\/\/clientweb.dev\/tscu\/cd-2\/?lang=es#breadcrumb","itemListElement":[{"@type":"ListItem","position":1,"name":"Home","item":"https:\/\/clientweb.dev\/tscu\/"},{"@type":"ListItem","position":2,"name":"CD"}]},{"@type":"WebSite","@id":"https:\/\/clientweb.dev\/tscu\/#website","url":"https:\/\/clientweb.dev\/tscu\/","name":"True Sky Federal Credit Union","description":"Where you truly belong","publisher":{"@id":"https:\/\/clientweb.dev\/tscu\/#organization"},"potentialAction":[{"@type":"SearchAction","target":{"@type":"EntryPoint","urlTemplate":"https:\/\/clientweb.dev\/tscu\/?s={search_term_string}"},"query-input":{"@type":"PropertyValueSpecification","valueRequired":true,"valueName":"search_term_string"}}],"inLanguage":"en-US"},{"@type":"Organization","@id":"https:\/\/clientweb.dev\/tscu\/#organization","name":"True Sky Credit Union","url":"https:\/\/clientweb.dev\/tscu\/","logo":{"@type":"ImageObject","inLanguage":"en-US","@id":"https:\/\/clientweb.dev\/tscu\/#\/schema\/logo\/image\/","url":"https:\/\/clientweb.dev\/tscu\/wp-content\/uploads\/2020\/08\/WebpageLogo250.jpg","contentUrl":"https:\/\/clientweb.dev\/tscu\/wp-content\/uploads\/2020\/08\/WebpageLogo250.jpg","width":250,"height":141,"caption":"True Sky Credit Union"},"image":{"@id":"https:\/\/clientweb.dev\/tscu\/#\/schema\/logo\/image\/"},"sameAs":["https:\/\/www.facebook.com\/TrueSkyCU\/","https:\/\/x.com\/trueskycu","https:\/\/www.instagram.com\/trueskycu\/","https:\/\/www.linkedin.com\/company\/true-sky-credit-union\/"]}]}},"_links":{"self":[{"href":"https:\/\/clientweb.dev\/tscu\/wp-json\/wp\/v2\/pages\/7786","targetHints":{"allow":["GET"]}}],"collection":[{"href":"https:\/\/clientweb.dev\/tscu\/wp-json\/wp\/v2\/pages"}],"about":[{"href":"https:\/\/clientweb.dev\/tscu\/wp-json\/wp\/v2\/types\/page"}],"author":[{"embeddable":true,"href":"https:\/\/clientweb.dev\/tscu\/wp-json\/wp\/v2\/users\/1"}],"replies":[{"embeddable":true,"href":"https:\/\/clientweb.dev\/tscu\/wp-json\/wp\/v2\/comments?post=7786"}],"version-history":[{"count":0,"href":"https:\/\/clientweb.dev\/tscu\/wp-json\/wp\/v2\/pages\/7786\/revisions"}],"wp:attachment":[{"href":"https:\/\/clientweb.dev\/tscu\/wp-json\/wp\/v2\/media?parent=7786"}],"curies":[{"name":"wp","href":"https:\/\/api.w.org\/{rel}","templated":true}]}}