{"id":3530,"date":"2020-11-25T14:40:24","date_gmt":"2020-11-25T20:40:24","guid":{"rendered":"https:\/\/osoreviews.com\/tscu\/prestamos-de-tierras\/"},"modified":"2023-02-13T10:15:53","modified_gmt":"2023-02-13T16:15:53","slug":"prestamos-de-tierras","status":"publish","type":"page","link":"https:\/\/clientweb.dev\/tscu\/prestamos-hipotecarios\/prestamos-de-tierras\/?lang=es","title":{"rendered":"Pr\u00e9stamos de tierras"},"content":{"rendered":"<p><div class=\"fusion-fullwidth fullwidth-box fusion-builder-row-1 fusion-flex-container nonhundred-percent-fullwidth non-hundred-percent-height-scrolling\" style=\"--awb-border-radius-top-left:0px;--awb-border-radius-top-right:0px;--awb-border-radius-bottom-right:0px;--awb-border-radius-bottom-left:0px;--awb-margin-top:40px;--awb-flex-wrap:wrap;\" ><div class=\"fusion-builder-row fusion-row fusion-flex-align-items-flex-start fusion-flex-content-wrap\" style=\"max-width:1352px;margin-left: calc(-4% \/ 2 );margin-right: calc(-4% \/ 2 );\"><div class=\"fusion-layout-column fusion_builder_column fusion-builder-column-0 fusion_builder_column_1_2 1_2 fusion-flex-column\" style=\"--awb-bg-size:cover;--awb-width-large:50%;--awb-margin-top-large:0px;--awb-spacing-right-large:3.84%;--awb-margin-bottom-large:0px;--awb-spacing-left-large:3.84%;--awb-width-medium:100%;--awb-order-medium:0;--awb-spacing-right-medium:1.92%;--awb-spacing-left-medium:1.92%;--awb-width-small:100%;--awb-order-small:0;--awb-spacing-right-small:1.92%;--awb-spacing-left-small:1.92%;\"><div class=\"fusion-column-wrapper fusion-column-has-shadow fusion-flex-justify-content-flex-start fusion-content-layout-column\"><div class=\"fusion-title title fusion-title-1 fusion-sep-none fusion-title-text fusion-title-size-one\" style=\"--awb-margin-top-small:0px;--awb-margin-right-small:0px;--awb-margin-bottom-small:20px;--awb-margin-left-small:0px;\"><h1 class=\"fusion-title-heading title-heading-left fusion-responsive-typography-calculated\" style=\"margin:0;--fontSize:30;line-height:1.1;\">Pr\u00e9stamos de tierras<\/h1><\/div><div class=\"fusion-text fusion-text-1\" style=\"--awb-text-transform:none;\"><p>True Sky Federal Credit Union no s\u00f3lo ofrece pr\u00e9stamos para viviendas, sino que tambi\u00e9n ofrece pr\u00e9stamos para terrenos de hasta 20 acres.<\/p>\n<ul>\n<li>Varios t\u00e9rminos<\/li>\n<li>Compra o refinanciamiento<\/li>\n<li>Tarifas fijas<\/li>\n<li>Suscripci\u00f3n, procesamiento y servicio internos<\/li>\n<\/ul>\n<\/div><div class=\"accordian fusion-accordian\" style=\"--awb-border-size:1px;--awb-icon-size:10px;--awb-content-font-size:16px;--awb-icon-alignment:left;--awb-hover-color:#f9f9f9;--awb-border-color:#cccccc;--awb-background-color:#ffffff;--awb-divider-color:#e0dede;--awb-divider-hover-color:#e0dede;--awb-icon-color:#ffffff;--awb-title-color:#20c4f4;--awb-content-color:#1c3d6e;--awb-icon-box-color:#1c3d6e;--awb-toggle-hover-accent-color:#20c4f4;--awb-title-font-family:&quot;Inter&quot;;--awb-title-font-weight:300;--awb-title-font-style:normal;--awb-content-font-family:&quot;Inter&quot;;--awb-content-font-style:normal;--awb-content-font-weight:300;\"><div class=\"panel-group fusion-toggle-icon-boxed\" id=\"accordion-3530-1\"><div class=\"fusion-panel panel-default panel-160640413bd689f23 fusion-toggle-no-divider\"><div class=\"panel-heading\"><h4 class=\"panel-title toggle\" id=\"toggle_160640413bd689f23\"><a aria-expanded=\"false\" aria-controls=\"160640413bd689f23\" role=\"button\" data-toggle=\"collapse\" data-parent=\"#accordion-3530-1\" data-target=\"#160640413bd689f23\" href=\"#160640413bd689f23\"><span class=\"fusion-toggle-icon-wrapper\" aria-hidden=\"true\"><i class=\"fa-fusion-box active-icon awb-icon-minus\" aria-hidden=\"true\"><\/i><i class=\"fa-fusion-box inactive-icon awb-icon-plus\" aria-hidden=\"true\"><\/i><\/span><span class=\"fusion-toggle-heading\">Descargo de responsabilidad<\/span><\/a><\/h4><\/div><div id=\"160640413bd689f23\" class=\"panel-collapse collapse \" aria-labelledby=\"toggle_160640413bd689f23\"><div class=\"panel-body toggle-content fusion-clearfix\">\n<p>APR = Tasa de porcentaje anual. Se aplican restricciones de cr\u00e9dito. Las tarifas y los t\u00e9rminos est\u00e1n sujetos a cambios en cualquier momento. Las tasas se pueden bloquear solo despu\u00e9s de recibir su solicitud de pr\u00e9stamo completa. Esta informaci\u00f3n no es un compromiso para hacer un pr\u00e9stamo, ni es una garant\u00eda de que recibir\u00e1 una tasa espec\u00edfica si se aprueba. Una tasa de porcentaje anual (APR) es una medida m\u00e1s amplia del costo para usted de pedir dinero prestado. La APR refleja no solo la tasa de inter\u00e9s, sino tambi\u00e9n los puntos, las tarifas hipotecarias y otros cargos que debe pagar para obtener el pr\u00e9stamo. Por esa raz\u00f3n, su APR suele ser m\u00e1s alta que su tasa de inter\u00e9s. Los pr\u00e9stamos por encima del 80% de la relaci\u00f3n pr\u00e9stamo-valor pueden requerir un seguro hipotecario.<\/p>\n<\/div><\/div><\/div><\/div><\/div><div class=\"fusion-separator fusion-full-width-sep\" style=\"align-self: center;margin-left: auto;margin-right: auto;margin-top:40px;margin-bottom:40px;width:100%;\"><\/div><\/div><\/div><div class=\"fusion-layout-column fusion_builder_column fusion-builder-column-1 fusion_builder_column_1_2 1_2 fusion-flex-column\" style=\"--awb-bg-size:cover;--awb-width-large:50%;--awb-margin-top-large:0px;--awb-spacing-right-large:3.84%;--awb-margin-bottom-large:0px;--awb-spacing-left-large:3.84%;--awb-width-medium:100%;--awb-order-medium:0;--awb-spacing-right-medium:1.92%;--awb-spacing-left-medium:1.92%;--awb-width-small:100%;--awb-order-small:0;--awb-spacing-right-small:1.92%;--awb-spacing-left-small:1.92%;\"><div class=\"fusion-column-wrapper fusion-column-has-shadow fusion-flex-justify-content-flex-start fusion-content-layout-column\"><div class=\"fusion-text fusion-text-2\"><p style=\"text-align: center;\">En el mercado para una nueva casa, construya la casa de sus sue\u00f1os,<br \/>\no simplemente refinanciar su hipoteca actual?<br \/>\nSi desea presentar una solicitud, haga clic a continuaci\u00f3n para empezar.<\/p>\n<\/div><div class=\"fusion-separator fusion-full-width-sep\" style=\"align-self: center;margin-left: auto;margin-right: auto;margin-top:10px;margin-bottom:10px;width:100%;\"><\/div><div style=\"text-align:center;\"><a class=\"fusion-button button-flat fusion-button-default-size button-default fusion-button-default button-1 fusion-button-default-span fusion-button-default-type\" target=\"_blank\" rel=\"noopener noreferrer\" href=\"https:\/\/secure.approvedfast.com\/A2\/tscu\/application\/index#!\/signup\"><span class=\"fusion-button-text awb-button__text awb-button__text--default\">Aplica ya<\/span><\/a><\/div><\/div><\/div><\/div><\/div><\/p>\n","protected":false},"excerpt":{"rendered":"","protected":false},"author":1,"featured_media":0,"parent":7859,"menu_order":0,"comment_status":"closed","ping_status":"closed","template":"","meta":{"footnotes":""},"class_list":["post-3530","page","type-page","status-publish","hentry"],"yoast_head":"<!-- This site is optimized with the Yoast SEO plugin v27.2 - https:\/\/yoast.com\/product\/yoast-seo-wordpress\/ -->\n<title>Pr\u00e9stamos de tierras - True Sky Federal Credit Union de Oklahoma City, OK<\/title>\n<meta name=\"description\" content=\"Pr\u00e9stamos para terrenos No s\u00f3lo True Sky Federal Credit Union ofrece pr\u00e9stamos para viviendas, sino que tambi\u00e9n ofrecemos pr\u00e9stamos para terrenos de hasta 20 acres. P\u00f3ngase en contacto con nosotros hoy.\" \/>\n<meta name=\"robots\" content=\"noindex, follow, max-snippet:-1, max-image-preview:large, max-video-preview:-1\" \/>\n<meta property=\"og:locale\" content=\"en_US\" \/>\n<meta property=\"og:type\" content=\"article\" \/>\n<meta property=\"og:title\" content=\"Pr\u00e9stamos de tierras - True Sky Federal Credit Union de Oklahoma City, OK\" \/>\n<meta property=\"og:description\" content=\"Pr\u00e9stamos para terrenos No s\u00f3lo True Sky Federal Credit Union ofrece pr\u00e9stamos para viviendas, sino que tambi\u00e9n ofrecemos pr\u00e9stamos para terrenos de hasta 20 acres. P\u00f3ngase en contacto con nosotros hoy.\" \/>\n<meta property=\"og:url\" content=\"https:\/\/clientweb.dev\/tscu\/prestamos-hipotecarios\/prestamos-de-tierras\/?lang=es\" \/>\n<meta property=\"og:site_name\" content=\"True Sky Federal Credit Union\" \/>\n<meta property=\"article:publisher\" content=\"https:\/\/www.facebook.com\/TrueSkyCU\/\" \/>\n<meta property=\"article:modified_time\" content=\"2023-02-13T16:15:53+00:00\" \/>\n<meta property=\"og:image\" content=\"https:\/\/clientweb.dev\/tscu\/wp-content\/uploads\/2020\/09\/TrueSKy-logo-Retina-01.png\" \/>\n\t<meta property=\"og:image:width\" content=\"380\" \/>\n\t<meta property=\"og:image:height\" content=\"215\" \/>\n\t<meta property=\"og:image:type\" content=\"image\/png\" \/>\n<meta name=\"twitter:card\" content=\"summary_large_image\" \/>\n<meta name=\"twitter:site\" content=\"@trueskycu\" \/>\n<script type=\"application\/ld+json\" class=\"yoast-schema-graph\">{\"@context\":\"https:\/\/schema.org\",\"@graph\":[{\"@type\":\"WebPage\",\"@id\":\"https:\/\/clientweb.dev\/tscu\/prestamos-hipotecarios\/prestamos-de-tierras\/?lang=es\",\"url\":\"https:\/\/clientweb.dev\/tscu\/prestamos-hipotecarios\/prestamos-de-tierras\/?lang=es\",\"name\":\"Pr\u00e9stamos de tierras - True Sky Federal Credit Union de Oklahoma City, OK\",\"isPartOf\":{\"@id\":\"https:\/\/clientweb.dev\/tscu\/#website\"},\"datePublished\":\"2020-11-25T20:40:24+00:00\",\"dateModified\":\"2023-02-13T16:15:53+00:00\",\"description\":\"Pr\u00e9stamos para terrenos No s\u00f3lo True Sky Federal Credit Union ofrece pr\u00e9stamos para viviendas, sino que tambi\u00e9n ofrecemos pr\u00e9stamos para terrenos de hasta 20 acres. P\u00f3ngase en contacto con nosotros hoy.\",\"breadcrumb\":{\"@id\":\"https:\/\/clientweb.dev\/tscu\/prestamos-hipotecarios\/prestamos-de-tierras\/?lang=es#breadcrumb\"},\"inLanguage\":\"en-US\",\"potentialAction\":[{\"@type\":\"ReadAction\",\"target\":[\"https:\/\/clientweb.dev\/tscu\/prestamos-hipotecarios\/prestamos-de-tierras\/?lang=es\"]}]},{\"@type\":\"BreadcrumbList\",\"@id\":\"https:\/\/clientweb.dev\/tscu\/prestamos-hipotecarios\/prestamos-de-tierras\/?lang=es#breadcrumb\",\"itemListElement\":[{\"@type\":\"ListItem\",\"position\":1,\"name\":\"Home\",\"item\":\"https:\/\/clientweb.dev\/tscu\/\"},{\"@type\":\"ListItem\",\"position\":2,\"name\":\"Pr\u00e9stamos hipotecarios\",\"item\":\"https:\/\/clientweb.dev\/tscu\/prestamos-hipotecarios\/?lang=es\"},{\"@type\":\"ListItem\",\"position\":3,\"name\":\"Pr\u00e9stamos de tierras\"}]},{\"@type\":\"WebSite\",\"@id\":\"https:\/\/clientweb.dev\/tscu\/#website\",\"url\":\"https:\/\/clientweb.dev\/tscu\/\",\"name\":\"True Sky Federal Credit Union\",\"description\":\"Where you truly belong\",\"publisher\":{\"@id\":\"https:\/\/clientweb.dev\/tscu\/#organization\"},\"potentialAction\":[{\"@type\":\"SearchAction\",\"target\":{\"@type\":\"EntryPoint\",\"urlTemplate\":\"https:\/\/clientweb.dev\/tscu\/?s={search_term_string}\"},\"query-input\":{\"@type\":\"PropertyValueSpecification\",\"valueRequired\":true,\"valueName\":\"search_term_string\"}}],\"inLanguage\":\"en-US\"},{\"@type\":\"Organization\",\"@id\":\"https:\/\/clientweb.dev\/tscu\/#organization\",\"name\":\"True Sky Credit Union\",\"url\":\"https:\/\/clientweb.dev\/tscu\/\",\"logo\":{\"@type\":\"ImageObject\",\"inLanguage\":\"en-US\",\"@id\":\"https:\/\/clientweb.dev\/tscu\/#\/schema\/logo\/image\/\",\"url\":\"https:\/\/clientweb.dev\/tscu\/wp-content\/uploads\/2020\/08\/WebpageLogo250.jpg\",\"contentUrl\":\"https:\/\/clientweb.dev\/tscu\/wp-content\/uploads\/2020\/08\/WebpageLogo250.jpg\",\"width\":250,\"height\":141,\"caption\":\"True Sky Credit Union\"},\"image\":{\"@id\":\"https:\/\/clientweb.dev\/tscu\/#\/schema\/logo\/image\/\"},\"sameAs\":[\"https:\/\/www.facebook.com\/TrueSkyCU\/\",\"https:\/\/x.com\/trueskycu\",\"https:\/\/www.instagram.com\/trueskycu\/\",\"https:\/\/www.linkedin.com\/company\/true-sky-credit-union\/\"]}]}<\/script>\n<!-- \/ Yoast SEO plugin. -->","yoast_head_json":{"title":"Pr\u00e9stamos de tierras - True Sky Federal Credit Union de Oklahoma City, OK","description":"Pr\u00e9stamos para terrenos No s\u00f3lo True Sky Federal Credit Union ofrece pr\u00e9stamos para viviendas, sino que tambi\u00e9n ofrecemos pr\u00e9stamos para terrenos de hasta 20 acres. P\u00f3ngase en contacto con nosotros hoy.","robots":{"index":"noindex","follow":"follow","max-snippet":"max-snippet:-1","max-image-preview":"max-image-preview:large","max-video-preview":"max-video-preview:-1"},"og_locale":"en_US","og_type":"article","og_title":"Pr\u00e9stamos de tierras - True Sky Federal Credit Union de Oklahoma City, OK","og_description":"Pr\u00e9stamos para terrenos No s\u00f3lo True Sky Federal Credit Union ofrece pr\u00e9stamos para viviendas, sino que tambi\u00e9n ofrecemos pr\u00e9stamos para terrenos de hasta 20 acres. P\u00f3ngase en contacto con nosotros hoy.","og_url":"https:\/\/clientweb.dev\/tscu\/prestamos-hipotecarios\/prestamos-de-tierras\/?lang=es","og_site_name":"True Sky Federal Credit Union","article_publisher":"https:\/\/www.facebook.com\/TrueSkyCU\/","article_modified_time":"2023-02-13T16:15:53+00:00","og_image":[{"width":380,"height":215,"url":"https:\/\/clientweb.dev\/tscu\/wp-content\/uploads\/2020\/09\/TrueSKy-logo-Retina-01.png","type":"image\/png"}],"twitter_card":"summary_large_image","twitter_site":"@trueskycu","schema":{"@context":"https:\/\/schema.org","@graph":[{"@type":"WebPage","@id":"https:\/\/clientweb.dev\/tscu\/prestamos-hipotecarios\/prestamos-de-tierras\/?lang=es","url":"https:\/\/clientweb.dev\/tscu\/prestamos-hipotecarios\/prestamos-de-tierras\/?lang=es","name":"Pr\u00e9stamos de tierras - True Sky Federal Credit Union de Oklahoma City, OK","isPartOf":{"@id":"https:\/\/clientweb.dev\/tscu\/#website"},"datePublished":"2020-11-25T20:40:24+00:00","dateModified":"2023-02-13T16:15:53+00:00","description":"Pr\u00e9stamos para terrenos No s\u00f3lo True Sky Federal Credit Union ofrece pr\u00e9stamos para viviendas, sino que tambi\u00e9n ofrecemos pr\u00e9stamos para terrenos de hasta 20 acres. P\u00f3ngase en contacto con nosotros hoy.","breadcrumb":{"@id":"https:\/\/clientweb.dev\/tscu\/prestamos-hipotecarios\/prestamos-de-tierras\/?lang=es#breadcrumb"},"inLanguage":"en-US","potentialAction":[{"@type":"ReadAction","target":["https:\/\/clientweb.dev\/tscu\/prestamos-hipotecarios\/prestamos-de-tierras\/?lang=es"]}]},{"@type":"BreadcrumbList","@id":"https:\/\/clientweb.dev\/tscu\/prestamos-hipotecarios\/prestamos-de-tierras\/?lang=es#breadcrumb","itemListElement":[{"@type":"ListItem","position":1,"name":"Home","item":"https:\/\/clientweb.dev\/tscu\/"},{"@type":"ListItem","position":2,"name":"Pr\u00e9stamos hipotecarios","item":"https:\/\/clientweb.dev\/tscu\/prestamos-hipotecarios\/?lang=es"},{"@type":"ListItem","position":3,"name":"Pr\u00e9stamos de tierras"}]},{"@type":"WebSite","@id":"https:\/\/clientweb.dev\/tscu\/#website","url":"https:\/\/clientweb.dev\/tscu\/","name":"True Sky Federal Credit Union","description":"Where you truly belong","publisher":{"@id":"https:\/\/clientweb.dev\/tscu\/#organization"},"potentialAction":[{"@type":"SearchAction","target":{"@type":"EntryPoint","urlTemplate":"https:\/\/clientweb.dev\/tscu\/?s={search_term_string}"},"query-input":{"@type":"PropertyValueSpecification","valueRequired":true,"valueName":"search_term_string"}}],"inLanguage":"en-US"},{"@type":"Organization","@id":"https:\/\/clientweb.dev\/tscu\/#organization","name":"True Sky Credit Union","url":"https:\/\/clientweb.dev\/tscu\/","logo":{"@type":"ImageObject","inLanguage":"en-US","@id":"https:\/\/clientweb.dev\/tscu\/#\/schema\/logo\/image\/","url":"https:\/\/clientweb.dev\/tscu\/wp-content\/uploads\/2020\/08\/WebpageLogo250.jpg","contentUrl":"https:\/\/clientweb.dev\/tscu\/wp-content\/uploads\/2020\/08\/WebpageLogo250.jpg","width":250,"height":141,"caption":"True Sky Credit Union"},"image":{"@id":"https:\/\/clientweb.dev\/tscu\/#\/schema\/logo\/image\/"},"sameAs":["https:\/\/www.facebook.com\/TrueSkyCU\/","https:\/\/x.com\/trueskycu","https:\/\/www.instagram.com\/trueskycu\/","https:\/\/www.linkedin.com\/company\/true-sky-credit-union\/"]}]}},"_links":{"self":[{"href":"https:\/\/clientweb.dev\/tscu\/wp-json\/wp\/v2\/pages\/3530","targetHints":{"allow":["GET"]}}],"collection":[{"href":"https:\/\/clientweb.dev\/tscu\/wp-json\/wp\/v2\/pages"}],"about":[{"href":"https:\/\/clientweb.dev\/tscu\/wp-json\/wp\/v2\/types\/page"}],"author":[{"embeddable":true,"href":"https:\/\/clientweb.dev\/tscu\/wp-json\/wp\/v2\/users\/1"}],"replies":[{"embeddable":true,"href":"https:\/\/clientweb.dev\/tscu\/wp-json\/wp\/v2\/comments?post=3530"}],"version-history":[{"count":0,"href":"https:\/\/clientweb.dev\/tscu\/wp-json\/wp\/v2\/pages\/3530\/revisions"}],"up":[{"embeddable":true,"href":"https:\/\/clientweb.dev\/tscu\/wp-json\/wp\/v2\/pages\/7859"}],"wp:attachment":[{"href":"https:\/\/clientweb.dev\/tscu\/wp-json\/wp\/v2\/media?parent=3530"}],"curies":[{"name":"wp","href":"https:\/\/api.w.org\/{rel}","templated":true}]}}