{"id":17018,"date":"2022-11-01T17:13:02","date_gmt":"2022-11-01T22:13:02","guid":{"rendered":"https:\/\/trueskycu.org\/prestamos-hipotecarios\/usda-prestamos-rhs\/"},"modified":"2023-02-13T10:40:46","modified_gmt":"2023-02-13T16:40:46","slug":"usda-prestamos-rhs","status":"publish","type":"page","link":"https:\/\/clientweb.dev\/tscu\/prestamos-hipotecarios\/usda-prestamos-rhs\/?lang=es","title":{"rendered":"USDA &#8211; Pr\u00e9stamos RHS"},"content":{"rendered":"<p><div class=\"fusion-fullwidth fullwidth-box fusion-builder-row-1 fusion-flex-container has-pattern-background has-mask-background fusion-parallax-none hundred-percent-fullwidth non-hundred-percent-height-scrolling\" style=\"--awb-border-radius-top-left:0px;--awb-border-radius-top-right:0px;--awb-border-radius-bottom-right:0px;--awb-border-radius-bottom-left:0px;--awb-padding-bottom:132px;--awb-background-image:url(&quot;https:\/\/clientweb.dev\/tscu\/wp-content\/uploads\/2022\/11\/Ruralhome.jpg&quot;);--awb-background-size:cover;--awb-flex-wrap:wrap;\" ><div class=\"fusion-builder-row fusion-row fusion-flex-align-items-flex-start fusion-flex-content-wrap\" style=\"width:104% !important;max-width:104% !important;margin-left: calc(-4% \/ 2 );margin-right: calc(-4% \/ 2 );\"><div class=\"fusion-layout-column fusion_builder_column fusion-builder-column-0 fusion_builder_column_1_1 1_1 fusion-flex-column\" style=\"--awb-bg-size:cover;--awb-width-large:100%;--awb-margin-top-large:0px;--awb-spacing-right-large:1.92%;--awb-margin-bottom-large:0px;--awb-spacing-left-large:1.92%;--awb-width-medium:100%;--awb-order-medium:0;--awb-spacing-right-medium:1.92%;--awb-spacing-left-medium:1.92%;--awb-width-small:100%;--awb-order-small:0;--awb-spacing-right-small:1.92%;--awb-spacing-left-small:1.92%;\"><div class=\"fusion-column-wrapper fusion-column-has-shadow fusion-flex-justify-content-flex-start fusion-content-layout-column\"><div class=\"fusion-title title fusion-title-1 fusion-sep-none fusion-title-text fusion-title-size-two\" style=\"--awb-text-color:var(--awb-color1);--awb-margin-top:105px;--awb-margin-top-small:0px;--awb-margin-right-small:0px;--awb-margin-bottom-small:20px;--awb-margin-left-small:0px;--awb-font-size:38px;\"><h2 class=\"fusion-title-heading title-heading-left fusion-responsive-typography-calculated\" style=\"margin:0;font-size:1em;--fontSize:38;line-height:1.5;\">USDA &#8211; Pr\u00e9stamos RHS<\/h2><\/div><\/div><\/div><\/div><\/div><div class=\"fusion-fullwidth fullwidth-box fusion-builder-row-2 fusion-flex-container has-pattern-background has-mask-background nonhundred-percent-fullwidth non-hundred-percent-height-scrolling\" style=\"--awb-border-radius-top-left:0px;--awb-border-radius-top-right:0px;--awb-border-radius-bottom-right:0px;--awb-border-radius-bottom-left:0px;--awb-flex-wrap:wrap;\" ><div class=\"fusion-builder-row fusion-row fusion-flex-align-items-flex-start fusion-flex-content-wrap\" style=\"max-width:1352px;margin-left: calc(-4% \/ 2 );margin-right: calc(-4% \/ 2 );\"><div class=\"fusion-layout-column fusion_builder_column fusion-builder-column-1 fusion_builder_column_2_3 2_3 fusion-flex-column\" style=\"--awb-bg-size:cover;--awb-width-large:66.666666666667%;--awb-margin-top-large:0px;--awb-spacing-right-large:2.88%;--awb-margin-bottom-large:0px;--awb-spacing-left-large:2.88%;--awb-width-medium:100%;--awb-order-medium:0;--awb-spacing-right-medium:1.92%;--awb-spacing-left-medium:1.92%;--awb-width-small:100%;--awb-order-small:0;--awb-spacing-right-small:1.92%;--awb-spacing-left-small:1.92%;\"><div class=\"fusion-column-wrapper fusion-column-has-shadow fusion-flex-justify-content-flex-start fusion-content-layout-column\"><div class=\"fusion-separator fusion-full-width-sep\" style=\"align-self: center;margin-left: auto;margin-right: auto;margin-top:15px;margin-bottom:15px;width:100%;\"><\/div><div class=\"fusion-title title fusion-title-2 fusion-sep-none fusion-title-text fusion-title-size-one\" style=\"--awb-margin-top-small:0px;--awb-margin-right-small:0px;--awb-margin-bottom-small:20px;--awb-margin-left-small:0px;\"><h1 class=\"fusion-title-heading title-heading-left fusion-responsive-typography-calculated\" style=\"margin:0;--fontSize:30;line-height:1.1;\">USDA &#8211; Pr\u00e9stamos para viviendas RHS<\/h1><\/div><div class=\"fusion-title title fusion-title-3 fusion-sep-none fusion-title-text fusion-title-size-three\" style=\"--awb-margin-top-small:0px;--awb-margin-right-small:0px;--awb-margin-bottom-small:20px;--awb-margin-left-small:0px;\"><h3 class=\"fusion-title-heading title-heading-left fusion-responsive-typography-calculated\" style=\"margin:0;--fontSize:22;--minFontSize:22;line-height:1.5;\"><strong>\u00bfQu\u00e9 es un pr\u00e9stamo USDA &#8211; RHS?<\/strong><\/h3><\/div><div class=\"fusion-text fusion-text-1\"><p>Los programas de pr\u00e9stamos del USDA &#8211; RHS ayudan a los prestamistas aprobados a proporcionar a los hogares de ingresos bajos y moderados la oportunidad de poseer viviendas adecuadas, modestas, decentes, seguras y sanitarias como su residencia principal en las zonas rurales elegibles. Los solicitantes elegibles pueden comprar, construir, rehabilitar, mejorar o reubicar una vivienda en una zona rural elegible con una financiaci\u00f3n del 100%.<\/p>\n<p>Durante mucho tiempo se pens\u00f3 que eran s\u00f3lo para los agricultores, pero el programa se ha ampliado en los \u00faltimos a\u00f1os para dar acceso a las incre\u00edbles ventajas que ofrecen estos pr\u00e9stamos a un mayor n\u00famero de personas que desean comprar o refinanciar en una zona rural.<\/p>\n<\/div><div class=\"fusion-title title fusion-title-4 fusion-sep-none fusion-title-text fusion-title-size-three\" style=\"--awb-margin-top-small:0px;--awb-margin-right-small:0px;--awb-margin-bottom-small:20px;--awb-margin-left-small:0px;\"><h3 class=\"fusion-title-heading title-heading-left fusion-responsive-typography-calculated\" style=\"margin:0;--fontSize:22;--minFontSize:22;line-height:1.5;\"><b>USDA &#8211; Elegibilidad del pr\u00e9stamo RHS<\/b><\/h3><\/div><div class=\"fusion-text fusion-text-2\"><p>Las directrices del programa son muy espec\u00edficas, pero no deje que eso le impida alcanzar sus objetivos de propiedad de la vivienda. Nuestro experimentado profesional de la financiaci\u00f3n del USDA &#8211; RHS le ayudar\u00e1 a navegar a trav\u00e9s del proceso de pr\u00e9stamo del USDA &#8211; RHS y determinar si usted es elegible.<\/p>\n<p><strong>Las calificaciones b\u00e1sicas incluyen:<\/strong><\/p>\n<ul>\n<li aria-level=\"1\">Elegibilidad de ingresos: sus ingresos no pueden superar el l\u00edmite determinado por el USDA &#8211; RHS. Haga clic <a href=\"https:\/\/eligibility.sc.egov.usda.gov\/eligibility\/incomeEligibilityAction.do?pageAction=state\">aqu\u00ed<\/a> para ver la elegibilidad de ingresos del USDA &#8211; RHS.<\/li>\n<li aria-level=\"1\">Elegibilidad de la propiedad: la propiedad debe estar en una zona designada como &#8220;rural&#8221; por el USDA &#8211; RHS. Haga clic <a href=\"https:\/\/eligibility.sc.egov.usda.gov\/eligibility\/welcomeAction.do?pageAction=sfp\">aqu\u00ed<\/a> para determinar si la propiedad es elegible.<\/li>\n<li aria-level=\"1\">Residencia principal: la propiedad debe ser su residencia principal.<\/li>\n<\/ul>\n<p>Para obtener m\u00e1s informaci\u00f3n sobre los requisitos, visite el <a href=\"https:\/\/www.rd.usda.gov\/programs-services\/single-family-housing-programs\/single-family-housing-guaranteed-loan-program\">sitio web del USDA &#8211; RHS Rural Development<\/a>.<\/p>\n<\/div><div class=\"fusion-title title fusion-title-5 fusion-sep-none fusion-title-text fusion-title-size-three\" style=\"--awb-margin-top-small:0px;--awb-margin-right-small:0px;--awb-margin-bottom-small:20px;--awb-margin-left-small:0px;\"><h3 class=\"fusion-title-heading title-heading-left fusion-responsive-typography-calculated\" style=\"margin:0;--fontSize:22;--minFontSize:22;line-height:1.5;\"><b>Beneficios de un pr\u00e9stamo USDA &#8211; RHS de True Sky Federal Credit Union<\/b><\/h3><\/div><div class=\"fusion-text fusion-text-3\"><p>Nuestros pr\u00e9stamos USDA &#8211; RHS ofrecen varios beneficios \u00fanicos que los diferencian de los pr\u00e9stamos hipotecarios est\u00e1ndar. Los pr\u00e9stamos USDA &#8211; RHS no requieren ning\u00fan pago inicial, por lo que las personas cualificadas pueden financiar hasta el 100% del precio total de compra de la vivienda. Esto los convierte en uno de los pr\u00e9stamos m\u00e1s deseables para los propietarios de viviendas.<\/p>\n<p>Para obtener m\u00e1s informaci\u00f3n sobre la elegibilidad, preguntas, o para aplicar, p\u00f3ngase en contacto con nosotros en 405-682-1990.<\/p>\n<\/div><div class=\"accordian fusion-accordian\" style=\"--awb-border-size:1px;--awb-icon-size:13px;--awb-content-font-size:16px;--awb-icon-alignment:left;--awb-hover-color:#f9f9f9;--awb-border-color:#cccccc;--awb-background-color:#ffffff;--awb-divider-color:#e0dede;--awb-divider-hover-color:#e0dede;--awb-icon-color:#ffffff;--awb-title-color:#20c4f4;--awb-content-color:#1c3d6e;--awb-icon-box-color:#1c3d6e;--awb-toggle-hover-accent-color:#20c4f4;--awb-title-font-family:&quot;Inter&quot;;--awb-title-font-weight:300;--awb-title-font-style:normal;--awb-content-font-family:&quot;Inter&quot;;--awb-content-font-style:normal;--awb-content-font-weight:300;\"><div class=\"panel-group fusion-toggle-icon-boxed\" id=\"accordion-17018-1\"><div class=\"fusion-panel panel-default panel-bf05e39eca9581c76 fusion-toggle-no-divider\" style=\"--awb-title-color:#20c4f4;--awb-content-color:#1c3d6e;\"><div class=\"panel-heading\"><h4 class=\"panel-title toggle\" id=\"toggle_bf05e39eca9581c76\"><a aria-expanded=\"false\" aria-controls=\"bf05e39eca9581c76\" role=\"button\" data-toggle=\"collapse\" data-parent=\"#accordion-17018-1\" data-target=\"#bf05e39eca9581c76\" href=\"#bf05e39eca9581c76\"><span class=\"fusion-toggle-icon-wrapper\" aria-hidden=\"true\"><i class=\"fa-fusion-box active-icon awb-icon-minus\" aria-hidden=\"true\"><\/i><i class=\"fa-fusion-box inactive-icon awb-icon-plus\" aria-hidden=\"true\"><\/i><\/span><span class=\"fusion-toggle-heading\">Descargo de responsabilidad<\/span><\/a><\/h4><\/div><div id=\"bf05e39eca9581c76\" class=\"panel-collapse collapse \" aria-labelledby=\"toggle_bf05e39eca9581c76\"><div class=\"panel-body toggle-content fusion-clearfix\">\n<p>APR = Tasa de porcentaje anual. Se aplican restricciones de cr\u00e9dito. Las tarifas y los t\u00e9rminos est\u00e1n sujetos a cambios en cualquier momento. Las tasas se pueden bloquear solo despu\u00e9s de recibir su solicitud de pr\u00e9stamo completa. Esta informaci\u00f3n no es un compromiso para hacer un pr\u00e9stamo, ni es una garant\u00eda de que recibir\u00e1 una tasa espec\u00edfica si se aprueba. Una tasa de porcentaje anual (APR) es una medida m\u00e1s amplia del costo para usted de pedir dinero prestado. La APR refleja no solo la tasa de inter\u00e9s, sino tambi\u00e9n los puntos, las tarifas hipotecarias y otros cargos que debe pagar para obtener el pr\u00e9stamo. Por esa raz\u00f3n, su APR suele ser m\u00e1s alta que su tasa de inter\u00e9s. Los pr\u00e9stamos por encima del 80% de la relaci\u00f3n pr\u00e9stamo-valor pueden requerir un seguro hipotecario.<\/p>\n<\/div><\/div><\/div><\/div><\/div><\/div><\/div><div class=\"fusion-layout-column fusion_builder_column fusion-builder-column-2 fusion_builder_column_1_3 1_3 fusion-flex-column\" style=\"--awb-bg-size:cover;--awb-width-large:33.333333333333%;--awb-margin-top-large:0px;--awb-spacing-right-large:5.76%;--awb-margin-bottom-large:0px;--awb-spacing-left-large:5.76%;--awb-width-medium:100%;--awb-order-medium:0;--awb-spacing-right-medium:1.92%;--awb-spacing-left-medium:1.92%;--awb-width-small:100%;--awb-order-small:0;--awb-spacing-right-small:1.92%;--awb-spacing-left-small:1.92%;\"><div class=\"fusion-column-wrapper fusion-column-has-shadow fusion-flex-justify-content-flex-start fusion-content-layout-column\"><div class=\"fusion-separator fusion-full-width-sep\" style=\"align-self: center;margin-left: auto;margin-right: auto;margin-top:15px;margin-bottom:15px;width:100%;\"><\/div><div class=\"fusion-text fusion-text-4\"><p style=\"text-align: center;\">\u00bfEst\u00e1 buscando una nueva casa? \u00bfListo para solicitar nuestra hipoteca USDA &#8211; RHS?<br \/>\nSi desea presentar una solicitud, haga clic a continuaci\u00f3n para empezar.<\/p>\n<\/div><div class=\"fusion-separator fusion-full-width-sep\" style=\"align-self: center;margin-left: auto;margin-right: auto;margin-top:10px;margin-bottom:10px;width:100%;\"><\/div><div style=\"text-align:center;\"><a class=\"fusion-button button-flat fusion-button-default-size button-default fusion-button-default button-1 fusion-button-default-span fusion-button-default-type\" target=\"_self\" href=\"https:\/\/secure.approvedfast.com\/A2\/tscu\/application\/index#!\/signup\"><span class=\"fusion-button-text awb-button__text awb-button__text--default\">Aplica ya<\/span><\/a><\/div><\/div><\/div><\/div><\/div><\/p>\n","protected":false},"excerpt":{"rendered":"","protected":false},"author":1,"featured_media":0,"parent":7859,"menu_order":0,"comment_status":"closed","ping_status":"closed","template":"100-width.php","meta":{"footnotes":""},"class_list":["post-17018","page","type-page","status-publish","hentry"],"yoast_head":"<!-- This site is optimized with the Yoast SEO plugin v27.2 - https:\/\/yoast.com\/product\/yoast-seo-wordpress\/ -->\n<title>USDA - Pr\u00e9stamos RHS - True Sky Federal Credit Union<\/title>\n<meta name=\"description\" content=\"\u00bfBusca un pr\u00e9stamo USDA - RHS? Los pr\u00e9stamos USDA - RHS no requieren ning\u00fan pago inicial, por lo que las personas cualificadas pueden financiar hasta el 100% del precio total de compra de la vivienda.\" \/>\n<meta name=\"robots\" content=\"noindex, follow, max-snippet:-1, max-image-preview:large, max-video-preview:-1\" \/>\n<meta property=\"og:locale\" content=\"en_US\" \/>\n<meta property=\"og:type\" content=\"article\" \/>\n<meta property=\"og:title\" content=\"USDA - Pr\u00e9stamos RHS - True Sky Federal Credit Union\" \/>\n<meta property=\"og:description\" content=\"\u00bfBusca un pr\u00e9stamo USDA - RHS? Los pr\u00e9stamos USDA - RHS no requieren ning\u00fan pago inicial, por lo que las personas cualificadas pueden financiar hasta el 100% del precio total de compra de la vivienda.\" \/>\n<meta property=\"og:url\" content=\"https:\/\/clientweb.dev\/tscu\/prestamos-hipotecarios\/usda-prestamos-rhs\/?lang=es\" \/>\n<meta property=\"og:site_name\" content=\"True Sky Federal Credit Union\" \/>\n<meta property=\"article:publisher\" content=\"https:\/\/www.facebook.com\/TrueSkyCU\/\" \/>\n<meta property=\"article:modified_time\" content=\"2023-02-13T16:40:46+00:00\" \/>\n<meta property=\"og:image\" content=\"https:\/\/clientweb.dev\/tscu\/wp-content\/uploads\/2020\/09\/TrueSKy-logo-Retina-01.png\" \/>\n\t<meta property=\"og:image:width\" content=\"380\" \/>\n\t<meta property=\"og:image:height\" content=\"215\" \/>\n\t<meta property=\"og:image:type\" content=\"image\/png\" \/>\n<meta name=\"twitter:card\" content=\"summary_large_image\" \/>\n<meta name=\"twitter:site\" content=\"@trueskycu\" \/>\n<script type=\"application\/ld+json\" class=\"yoast-schema-graph\">{\"@context\":\"https:\/\/schema.org\",\"@graph\":[{\"@type\":\"WebPage\",\"@id\":\"https:\/\/clientweb.dev\/tscu\/prestamos-hipotecarios\/usda-prestamos-rhs\/?lang=es\",\"url\":\"https:\/\/clientweb.dev\/tscu\/prestamos-hipotecarios\/usda-prestamos-rhs\/?lang=es\",\"name\":\"USDA - Pr\u00e9stamos RHS - True Sky Federal Credit Union\",\"isPartOf\":{\"@id\":\"https:\/\/clientweb.dev\/tscu\/#website\"},\"datePublished\":\"2022-11-01T22:13:02+00:00\",\"dateModified\":\"2023-02-13T16:40:46+00:00\",\"description\":\"\u00bfBusca un pr\u00e9stamo USDA - RHS? Los pr\u00e9stamos USDA - RHS no requieren ning\u00fan pago inicial, por lo que las personas cualificadas pueden financiar hasta el 100% del precio total de compra de la vivienda.\",\"breadcrumb\":{\"@id\":\"https:\/\/clientweb.dev\/tscu\/prestamos-hipotecarios\/usda-prestamos-rhs\/?lang=es#breadcrumb\"},\"inLanguage\":\"en-US\",\"potentialAction\":[{\"@type\":\"ReadAction\",\"target\":[\"https:\/\/clientweb.dev\/tscu\/prestamos-hipotecarios\/usda-prestamos-rhs\/?lang=es\"]}]},{\"@type\":\"BreadcrumbList\",\"@id\":\"https:\/\/clientweb.dev\/tscu\/prestamos-hipotecarios\/usda-prestamos-rhs\/?lang=es#breadcrumb\",\"itemListElement\":[{\"@type\":\"ListItem\",\"position\":1,\"name\":\"Home\",\"item\":\"https:\/\/clientweb.dev\/tscu\/\"},{\"@type\":\"ListItem\",\"position\":2,\"name\":\"Pr\u00e9stamos hipotecarios\",\"item\":\"https:\/\/clientweb.dev\/tscu\/prestamos-hipotecarios\/?lang=es\"},{\"@type\":\"ListItem\",\"position\":3,\"name\":\"USDA &#8211; Pr\u00e9stamos RHS\"}]},{\"@type\":\"WebSite\",\"@id\":\"https:\/\/clientweb.dev\/tscu\/#website\",\"url\":\"https:\/\/clientweb.dev\/tscu\/\",\"name\":\"True Sky Federal Credit Union\",\"description\":\"Where you truly belong\",\"publisher\":{\"@id\":\"https:\/\/clientweb.dev\/tscu\/#organization\"},\"potentialAction\":[{\"@type\":\"SearchAction\",\"target\":{\"@type\":\"EntryPoint\",\"urlTemplate\":\"https:\/\/clientweb.dev\/tscu\/?s={search_term_string}\"},\"query-input\":{\"@type\":\"PropertyValueSpecification\",\"valueRequired\":true,\"valueName\":\"search_term_string\"}}],\"inLanguage\":\"en-US\"},{\"@type\":\"Organization\",\"@id\":\"https:\/\/clientweb.dev\/tscu\/#organization\",\"name\":\"True Sky Credit Union\",\"url\":\"https:\/\/clientweb.dev\/tscu\/\",\"logo\":{\"@type\":\"ImageObject\",\"inLanguage\":\"en-US\",\"@id\":\"https:\/\/clientweb.dev\/tscu\/#\/schema\/logo\/image\/\",\"url\":\"https:\/\/clientweb.dev\/tscu\/wp-content\/uploads\/2020\/08\/WebpageLogo250.jpg\",\"contentUrl\":\"https:\/\/clientweb.dev\/tscu\/wp-content\/uploads\/2020\/08\/WebpageLogo250.jpg\",\"width\":250,\"height\":141,\"caption\":\"True Sky Credit Union\"},\"image\":{\"@id\":\"https:\/\/clientweb.dev\/tscu\/#\/schema\/logo\/image\/\"},\"sameAs\":[\"https:\/\/www.facebook.com\/TrueSkyCU\/\",\"https:\/\/x.com\/trueskycu\",\"https:\/\/www.instagram.com\/trueskycu\/\",\"https:\/\/www.linkedin.com\/company\/true-sky-credit-union\/\"]}]}<\/script>\n<!-- \/ Yoast SEO plugin. -->","yoast_head_json":{"title":"USDA - Pr\u00e9stamos RHS - True Sky Federal Credit Union","description":"\u00bfBusca un pr\u00e9stamo USDA - RHS? Los pr\u00e9stamos USDA - RHS no requieren ning\u00fan pago inicial, por lo que las personas cualificadas pueden financiar hasta el 100% del precio total de compra de la vivienda.","robots":{"index":"noindex","follow":"follow","max-snippet":"max-snippet:-1","max-image-preview":"max-image-preview:large","max-video-preview":"max-video-preview:-1"},"og_locale":"en_US","og_type":"article","og_title":"USDA - Pr\u00e9stamos RHS - True Sky Federal Credit Union","og_description":"\u00bfBusca un pr\u00e9stamo USDA - RHS? Los pr\u00e9stamos USDA - RHS no requieren ning\u00fan pago inicial, por lo que las personas cualificadas pueden financiar hasta el 100% del precio total de compra de la vivienda.","og_url":"https:\/\/clientweb.dev\/tscu\/prestamos-hipotecarios\/usda-prestamos-rhs\/?lang=es","og_site_name":"True Sky Federal Credit Union","article_publisher":"https:\/\/www.facebook.com\/TrueSkyCU\/","article_modified_time":"2023-02-13T16:40:46+00:00","og_image":[{"width":380,"height":215,"url":"https:\/\/clientweb.dev\/tscu\/wp-content\/uploads\/2020\/09\/TrueSKy-logo-Retina-01.png","type":"image\/png"}],"twitter_card":"summary_large_image","twitter_site":"@trueskycu","schema":{"@context":"https:\/\/schema.org","@graph":[{"@type":"WebPage","@id":"https:\/\/clientweb.dev\/tscu\/prestamos-hipotecarios\/usda-prestamos-rhs\/?lang=es","url":"https:\/\/clientweb.dev\/tscu\/prestamos-hipotecarios\/usda-prestamos-rhs\/?lang=es","name":"USDA - Pr\u00e9stamos RHS - True Sky Federal Credit Union","isPartOf":{"@id":"https:\/\/clientweb.dev\/tscu\/#website"},"datePublished":"2022-11-01T22:13:02+00:00","dateModified":"2023-02-13T16:40:46+00:00","description":"\u00bfBusca un pr\u00e9stamo USDA - RHS? Los pr\u00e9stamos USDA - RHS no requieren ning\u00fan pago inicial, por lo que las personas cualificadas pueden financiar hasta el 100% del precio total de compra de la vivienda.","breadcrumb":{"@id":"https:\/\/clientweb.dev\/tscu\/prestamos-hipotecarios\/usda-prestamos-rhs\/?lang=es#breadcrumb"},"inLanguage":"en-US","potentialAction":[{"@type":"ReadAction","target":["https:\/\/clientweb.dev\/tscu\/prestamos-hipotecarios\/usda-prestamos-rhs\/?lang=es"]}]},{"@type":"BreadcrumbList","@id":"https:\/\/clientweb.dev\/tscu\/prestamos-hipotecarios\/usda-prestamos-rhs\/?lang=es#breadcrumb","itemListElement":[{"@type":"ListItem","position":1,"name":"Home","item":"https:\/\/clientweb.dev\/tscu\/"},{"@type":"ListItem","position":2,"name":"Pr\u00e9stamos hipotecarios","item":"https:\/\/clientweb.dev\/tscu\/prestamos-hipotecarios\/?lang=es"},{"@type":"ListItem","position":3,"name":"USDA &#8211; Pr\u00e9stamos RHS"}]},{"@type":"WebSite","@id":"https:\/\/clientweb.dev\/tscu\/#website","url":"https:\/\/clientweb.dev\/tscu\/","name":"True Sky Federal Credit Union","description":"Where you truly belong","publisher":{"@id":"https:\/\/clientweb.dev\/tscu\/#organization"},"potentialAction":[{"@type":"SearchAction","target":{"@type":"EntryPoint","urlTemplate":"https:\/\/clientweb.dev\/tscu\/?s={search_term_string}"},"query-input":{"@type":"PropertyValueSpecification","valueRequired":true,"valueName":"search_term_string"}}],"inLanguage":"en-US"},{"@type":"Organization","@id":"https:\/\/clientweb.dev\/tscu\/#organization","name":"True Sky Credit Union","url":"https:\/\/clientweb.dev\/tscu\/","logo":{"@type":"ImageObject","inLanguage":"en-US","@id":"https:\/\/clientweb.dev\/tscu\/#\/schema\/logo\/image\/","url":"https:\/\/clientweb.dev\/tscu\/wp-content\/uploads\/2020\/08\/WebpageLogo250.jpg","contentUrl":"https:\/\/clientweb.dev\/tscu\/wp-content\/uploads\/2020\/08\/WebpageLogo250.jpg","width":250,"height":141,"caption":"True Sky Credit Union"},"image":{"@id":"https:\/\/clientweb.dev\/tscu\/#\/schema\/logo\/image\/"},"sameAs":["https:\/\/www.facebook.com\/TrueSkyCU\/","https:\/\/x.com\/trueskycu","https:\/\/www.instagram.com\/trueskycu\/","https:\/\/www.linkedin.com\/company\/true-sky-credit-union\/"]}]}},"_links":{"self":[{"href":"https:\/\/clientweb.dev\/tscu\/wp-json\/wp\/v2\/pages\/17018","targetHints":{"allow":["GET"]}}],"collection":[{"href":"https:\/\/clientweb.dev\/tscu\/wp-json\/wp\/v2\/pages"}],"about":[{"href":"https:\/\/clientweb.dev\/tscu\/wp-json\/wp\/v2\/types\/page"}],"author":[{"embeddable":true,"href":"https:\/\/clientweb.dev\/tscu\/wp-json\/wp\/v2\/users\/1"}],"replies":[{"embeddable":true,"href":"https:\/\/clientweb.dev\/tscu\/wp-json\/wp\/v2\/comments?post=17018"}],"version-history":[{"count":0,"href":"https:\/\/clientweb.dev\/tscu\/wp-json\/wp\/v2\/pages\/17018\/revisions"}],"up":[{"embeddable":true,"href":"https:\/\/clientweb.dev\/tscu\/wp-json\/wp\/v2\/pages\/7859"}],"wp:attachment":[{"href":"https:\/\/clientweb.dev\/tscu\/wp-json\/wp\/v2\/media?parent=17018"}],"curies":[{"name":"wp","href":"https:\/\/api.w.org\/{rel}","templated":true}]}}